{"id":4926,"date":"2020-06-24T00:28:51","date_gmt":"2020-06-23T21:28:51","guid":{"rendered":"http:\/\/protent.com.tr\/?page_id=4926"},"modified":"2020-11-18T18:21:30","modified_gmt":"2020-11-18T15:21:30","slug":"satis-ve-tanitim-cadirlari","status":"publish","type":"page","link":"http:\/\/protent.com.tr\/en\/satis-ve-tanitim-cadirlari\/","title":{"rendered":"Sales and Promotion Tents"},"content":{"rendered":"<div class=\"vc_row wpb_row vc_custom_1592862867363 porto-inner-container\"><div class=\"porto-wrap-container container\"><div class=\"row vc_column-gap-20\"><div class=\"vc_column_container col-md-12 vc_custom_1605712886741\"><div class=\"wpb_wrapper vc_column-inner\"><div class=\"vc_btn3-container vc_btn3-inline\" >\n\t<a class=\"vc_general vc_btn3 vc_btn3-size-xl vc_btn3-shape-default vc_btn3-style-flat wpb_custom_4eba9bcc8f6c36e45e1d476fc3d9024c vc_btn3-icon-left vc_btn3-color-grey btn\" href=\"http:\/\/protent.com.tr\/en\/cadir-cesitleri-ve-modelleri\/\" title=\"\"><i class=\"vc_btn3-icon fas fa-angle-double-left\"><\/i> Back to main category<\/a>\t<\/div>\n\n\t<div class=\"wpb_text_column wpb_content_element  vc_custom_1590967465962\" >\n\t\t<div class=\"wpb_wrapper\">\n\t\t\t<p><span style=\"font-size: 20px;\">For color and modeling options, please click on the products and examine the details. All of our products have optional size, side walls, printing and color options.<\/span><\/p>\n\n\t\t<\/div>\n\t<\/div>\n<div id=\"porto-products-7458\" class=\"porto-products wpb_content_element onhover wpb_custom_c9b29ede315f81ce7e062dc664e7ed90\"><div class=\"woocommerce columns-2\"><ul class=\"products products-container grid show-nav-middle pcols-lg-2 pcols-md-2 pcols-xs-2 pcols-ls-1 pwidth-lg-1 pwidth-md-1 pwidth-xs-1 pwidth-ls-1 is-shortcode\"\n\t data-product_layout=\"product-default show-links-hover\">\n\n<li class=\"product-col product-default show-links-hover product type-product post-4942 status-publish first instock product_cat-prodome product_cat-satis-ve-tanitim-cadiri product_tag-satis-ve-tanitim-cadiri has-post-thumbnail shipping-taxable purchasable product-type-variable\">\n<div class=\"product-inner\">\n\t\n\t<div class=\"product-image\">\n\n\t\t<a  href=\"http:\/\/protent.com.tr\/en\/product\/prodome-portatif-satis-ve-tanitim-cadiri\/\">\n\t\t\t<div data-link=\"\" class=\"viewcart viewcart-4942\" title=\"View cart\" data-no-translation-title=\"\"><\/div><div class=\"inner\"><img loading=\"lazy\" decoding=\"async\" width=\"1400\" height=\"1184\" src=\"https:\/\/protent.com.tr\/wp-content\/uploads\/2020\/06\/ProDome_Kaplamalar_Jpg0001.jpg\" class=\"wp-post-image\" alt=\"Prodome1\" srcset=\"https:\/\/protent.com.tr\/wp-content\/uploads\/2020\/06\/ProDome_Kaplamalar_Jpg0001.jpg 1400w, https:\/\/protent.com.tr\/wp-content\/uploads\/2020\/06\/ProDome_Kaplamalar_Jpg0001-768x650.jpg 768w, https:\/\/protent.com.tr\/wp-content\/uploads\/2020\/06\/ProDome_Kaplamalar_Jpg0001-640x541.jpg 640w, https:\/\/protent.com.tr\/wp-content\/uploads\/2020\/06\/ProDome_Kaplamalar_Jpg0001-400x338.jpg 400w, https:\/\/protent.com.tr\/wp-content\/uploads\/2020\/06\/ProDome_Kaplamalar_Jpg0001-367x310.jpg 367w\" sizes=\"(max-width: 1400px) 100vw, 1400px\" \/><\/div>\t\t<\/a>\n\t\t\t<\/div>\n\n\t<div class=\"product-content\">\n\t\t\n\t\t\t<a class=\"product-loop-title\"  href=\"http:\/\/protent.com.tr\/en\/product\/prodome-portatif-satis-ve-tanitim-cadiri\/\">\n\t<h3 class=\"woocommerce-loop-product__title\">Prodome- Portable sales and promotion tent<\/h3>\t<\/a>\n\t\n\t\t\n\t\t\t<\/div>\n<\/div>\n<\/li>\n<\/ul>\n<\/div><\/div><\/div><\/div><\/div><\/div><\/div>","protected":false},"excerpt":{"rendered":"Ana Kategori K\u0131sm\u0131na Geri D\u00f6n Renk ve modelleme se\u00e7enekleri i\u00e7in, l\u00fctfen \u00fcr\u00fcnlere t\u0131klay\u0131p detaylar\u0131n\u0131 inceleyiniz. \u00dcr\u00fcnlerimizin tamam\u0131 iste\u011fe ba\u011fl\u0131 \u00f6l\u00e7\u00fc, kapatma, bask\u0131 ve renk se\u00e7enekleri ile zenginle\u015ftirilmi\u015ftir. Prodome Portatif Sat\u0131\u015f ve Tan\u0131t\u0131m \u00c7ad\u0131r\u0131","protected":false},"author":1,"featured_media":0,"parent":0,"menu_order":0,"comment_status":"closed","ping_status":"closed","template":"","meta":{"footnotes":""},"class_list":["post-4926","page","type-page","status-publish","hentry"],"aioseo_notices":[],"_links":{"self":[{"href":"http:\/\/protent.com.tr\/en\/wp-json\/wp\/v2\/pages\/4926"}],"collection":[{"href":"http:\/\/protent.com.tr\/en\/wp-json\/wp\/v2\/pages"}],"about":[{"href":"http:\/\/protent.com.tr\/en\/wp-json\/wp\/v2\/types\/page"}],"author":[{"embeddable":true,"href":"http:\/\/protent.com.tr\/en\/wp-json\/wp\/v2\/users\/1"}],"replies":[{"embeddable":true,"href":"http:\/\/protent.com.tr\/en\/wp-json\/wp\/v2\/comments?post=4926"}],"version-history":[{"count":5,"href":"http:\/\/protent.com.tr\/en\/wp-json\/wp\/v2\/pages\/4926\/revisions"}],"predecessor-version":[{"id":5038,"href":"http:\/\/protent.com.tr\/en\/wp-json\/wp\/v2\/pages\/4926\/revisions\/5038"}],"wp:attachment":[{"href":"http:\/\/protent.com.tr\/en\/wp-json\/wp\/v2\/media?parent=4926"}],"curies":[{"name":"wp","href":"https:\/\/api.w.org\/{rel}","templated":true}]}}