{"id":4953,"date":"2020-06-25T03:25:07","date_gmt":"2020-06-25T00:25:07","guid":{"rendered":"http:\/\/protent.com.tr\/?page_id=4953"},"modified":"2020-12-02T23:27:44","modified_gmt":"2020-12-02T20:27:44","slug":"karavan-ve-kamp-cadirlari","status":"publish","type":"page","link":"http:\/\/protent.com.tr\/en\/karavan-ve-kamp-cadirlari\/","title":{"rendered":"Karavan ve Kamp \u00c7ad\u0131rlar\u0131"},"content":{"rendered":"<div class=\"vc_row wpb_row vc_custom_1592862867363 porto-inner-container\"><div class=\"porto-wrap-container container\"><div class=\"row vc_column-gap-20\"><div class=\"vc_column_container col-md-12 vc_custom_1605712922222\"><div class=\"wpb_wrapper vc_column-inner\"><div class=\"vc_btn3-container vc_btn3-inline\" >\n\t<a class=\"vc_general vc_btn3 vc_btn3-size-xl vc_btn3-shape-default vc_btn3-style-flat wpb_custom_4eba9bcc8f6c36e45e1d476fc3d9024c vc_btn3-icon-left vc_btn3-color-grey btn\" href=\"http:\/\/protent.com.tr\/en\/cadir-cesitleri-ve-modelleri\/\" title=\"\"><i class=\"vc_btn3-icon fas fa-angle-double-left\"><\/i> Back to main category<\/a>\t<\/div>\n\n\t<div class=\"wpb_text_column wpb_content_element  vc_custom_1590967465962\" >\n\t\t<div class=\"wpb_wrapper\">\n\t\t\t<p><span style=\"font-size: 20px;\">For color and modeling options, please click on the products and examine the details. All of our products have optional size, side walls, printing and color options.<\/span><\/p>\n\n\t\t<\/div>\n\t<\/div>\n<div id=\"porto-products-8132\" class=\"porto-products wpb_content_element onhover wpb_custom_c9b29ede315f81ce7e062dc664e7ed90\"><div class=\"woocommerce columns-2\"><ul class=\"products products-container grid show-nav-middle pcols-lg-2 pcols-md-2 pcols-xs-2 pcols-ls-1 pwidth-lg-1 pwidth-md-1 pwidth-xs-1 pwidth-ls-1 is-shortcode\"\n\t data-product_layout=\"product-default show-links-hover\">\n\n<li class=\"product-col product-default show-links-hover product type-product post-4955 status-publish first instock product_cat-3x3 product_cat-prokamp product_tag-kamp-cadirlari product_tag-kolay-kurulum product_tag-portatif product_tag-prokamp product_tag-satis-ve-tanitim-cadiri has-post-thumbnail shipping-taxable purchasable product-type-variable\">\n<div class=\"product-inner\">\n\t\n\t<div class=\"product-image\">\n\n\t\t<a  href=\"http:\/\/protent.com.tr\/en\/product\/3x3-prokamp-portatif-kamp-cadiri\/\">\n\t\t\t<div data-link=\"\" class=\"viewcart viewcart-4955\" title=\"View cart\" data-no-translation-title=\"\"><\/div><div class=\"inner\"><img loading=\"lazy\" decoding=\"async\" width=\"1400\" height=\"1184\" src=\"https:\/\/protent.com.tr\/wp-content\/uploads\/2020\/06\/ProKamp_001.jpg\" class=\"wp-post-image\" alt=\"\" srcset=\"https:\/\/protent.com.tr\/wp-content\/uploads\/2020\/06\/ProKamp_001.jpg 1400w, https:\/\/protent.com.tr\/wp-content\/uploads\/2020\/06\/ProKamp_001-768x650.jpg 768w, https:\/\/protent.com.tr\/wp-content\/uploads\/2020\/06\/ProKamp_001-640x541.jpg 640w, https:\/\/protent.com.tr\/wp-content\/uploads\/2020\/06\/ProKamp_001-400x338.jpg 400w, https:\/\/protent.com.tr\/wp-content\/uploads\/2020\/06\/ProKamp_001-367x310.jpg 367w\" sizes=\"(max-width: 1400px) 100vw, 1400px\" \/><\/div>\t\t<\/a>\n\t\t\t<\/div>\n\n\t<div class=\"product-content\">\n\t\t\n\t\t\t<a class=\"product-loop-title\"  href=\"http:\/\/protent.com.tr\/en\/product\/3x3-prokamp-portatif-kamp-cadiri\/\">\n\t<h3 class=\"woocommerce-loop-product__title\">3X3Mt Prokamp - Portable Camping Tent<\/h3>\t<\/a>\n\t\n\t\t\n\t\t\t<\/div>\n<\/div>\n<\/li>\n\n<li class=\"product-col product-default show-links-hover product type-product post-4971 status-publish last instock product_cat-3x6 product_cat-prokamp product_tag-kamp-cadirlari product_tag-kolay-kurulum product_tag-portatif product_tag-prokamp product_tag-satis-ve-tanitim-cadiri product_tag-verandali-kamp-cadiri has-post-thumbnail shipping-taxable purchasable product-type-variable\">\n<div class=\"product-inner\">\n\t\n\t<div class=\"product-image\">\n\n\t\t<a  href=\"http:\/\/protent.com.tr\/en\/product\/3x6-verandali-prokamp-portatif-kamp-cadiri\/\">\n\t\t\t<div data-link=\"\" class=\"viewcart viewcart-4971\" title=\"View cart\" data-no-translation-title=\"\"><\/div><div class=\"inner\"><img loading=\"lazy\" decoding=\"async\" width=\"1400\" height=\"1184\" src=\"https:\/\/protent.com.tr\/wp-content\/uploads\/2020\/06\/ProKamp_3x6_____0002.jpg\" class=\"wp-post-image\" alt=\"\" srcset=\"https:\/\/protent.com.tr\/wp-content\/uploads\/2020\/06\/ProKamp_3x6_____0002.jpg 1400w, https:\/\/protent.com.tr\/wp-content\/uploads\/2020\/06\/ProKamp_3x6_____0002-768x650.jpg 768w, https:\/\/protent.com.tr\/wp-content\/uploads\/2020\/06\/ProKamp_3x6_____0002-640x541.jpg 640w, https:\/\/protent.com.tr\/wp-content\/uploads\/2020\/06\/ProKamp_3x6_____0002-400x338.jpg 400w, https:\/\/protent.com.tr\/wp-content\/uploads\/2020\/06\/ProKamp_3x6_____0002-367x310.jpg 367w\" sizes=\"(max-width: 1400px) 100vw, 1400px\" \/><\/div>\t\t<\/a>\n\t\t\t<\/div>\n\n\t<div class=\"product-content\">\n\t\t\n\t\t\t<a class=\"product-loop-title\"  href=\"http:\/\/protent.com.tr\/en\/product\/3x6-verandali-prokamp-portatif-kamp-cadiri\/\">\n\t<h3 class=\"woocommerce-loop-product__title\">3X6Mt Patio Prokamp - Portable Camping Tent<\/h3>\t<\/a>\n\t\n\t\t\n\t\t\t<\/div>\n<\/div>\n<\/li>\n\n<li class=\"product-col product-default show-links-hover product type-product post-5018 status-publish first instock product_cat-karavan-cadiri product_tag-kamp-cadirlari product_tag-karavan product_tag-karavan-cadiri product_tag-kolay-kurulum product_tag-portatif has-post-thumbnail shipping-taxable purchasable product-type-variable\">\n<div class=\"product-inner\">\n\t\n\t<div class=\"product-image\">\n\n\t\t<a  href=\"http:\/\/protent.com.tr\/en\/product\/karavan-cadiri\/\">\n\t\t\t<div data-link=\"\" class=\"viewcart viewcart-5018\" title=\"View cart\" data-no-translation-title=\"\"><\/div><div class=\"inner\"><img loading=\"lazy\" decoding=\"async\" width=\"1400\" height=\"1184\" src=\"https:\/\/protent.com.tr\/wp-content\/uploads\/2020\/07\/Karavan_Cadiri___0001.jpg\" class=\"wp-post-image\" alt=\"Karavan \u00c7ad\u0131r\u0131\" srcset=\"https:\/\/protent.com.tr\/wp-content\/uploads\/2020\/07\/Karavan_Cadiri___0001.jpg 1400w, https:\/\/protent.com.tr\/wp-content\/uploads\/2020\/07\/Karavan_Cadiri___0001-768x650.jpg 768w, https:\/\/protent.com.tr\/wp-content\/uploads\/2020\/07\/Karavan_Cadiri___0001-640x541.jpg 640w, https:\/\/protent.com.tr\/wp-content\/uploads\/2020\/07\/Karavan_Cadiri___0001-400x338.jpg 400w, https:\/\/protent.com.tr\/wp-content\/uploads\/2020\/07\/Karavan_Cadiri___0001-367x310.jpg 367w\" sizes=\"(max-width: 1400px) 100vw, 1400px\" \/><\/div>\t\t<\/a>\n\t\t\t<\/div>\n\n\t<div class=\"product-content\">\n\t\t\n\t\t\t<a class=\"product-loop-title\"  href=\"http:\/\/protent.com.tr\/en\/product\/karavan-cadiri\/\">\n\t<h3 class=\"woocommerce-loop-product__title\">Caravan Tent<\/h3>\t<\/a>\n\t\n\t\t\n\t\t\t<\/div>\n<\/div>\n<\/li>\n\n<li class=\"product-col product-default show-links-hover product type-product post-5040 status-publish last instock product_cat-karavan-cadiri product_tag-kamp-cadirlari product_tag-karavan product_tag-karavan-cadiri product_tag-kolay-kurulum product_tag-portatif has-post-thumbnail shipping-taxable purchasable product-type-variable\">\n<div class=\"product-inner\">\n\t\n\t<div class=\"product-image\">\n\n\t\t<a  href=\"http:\/\/protent.com.tr\/en\/product\/karavan-kis-cadiri\/\">\n\t\t\t<div data-link=\"\" class=\"viewcart viewcart-5040\" title=\"View cart\" data-no-translation-title=\"\"><\/div><div class=\"inner\"><img loading=\"lazy\" decoding=\"async\" width=\"1400\" height=\"1184\" src=\"https:\/\/protent.com.tr\/wp-content\/uploads\/2020\/12\/16.jpeg\" class=\"wp-post-image\" alt=\"Karavan K\u0131\u015f \u00c7ad\u0131r\u0131\" srcset=\"https:\/\/protent.com.tr\/wp-content\/uploads\/2020\/12\/16.jpeg 1400w, https:\/\/protent.com.tr\/wp-content\/uploads\/2020\/12\/16-768x650.jpeg 768w, https:\/\/protent.com.tr\/wp-content\/uploads\/2020\/12\/16-640x541.jpeg 640w, https:\/\/protent.com.tr\/wp-content\/uploads\/2020\/12\/16-400x338.jpeg 400w, https:\/\/protent.com.tr\/wp-content\/uploads\/2020\/12\/16-367x310.jpeg 367w\" sizes=\"(max-width: 1400px) 100vw, 1400px\" \/><\/div>\t\t<\/a>\n\t\t\t<\/div>\n\n\t<div class=\"product-content\">\n\t\t\n\t\t\t<a class=\"product-loop-title\"  href=\"http:\/\/protent.com.tr\/en\/product\/karavan-kis-cadiri\/\">\n\t<h3 class=\"woocommerce-loop-product__title\">Caravan Winter Tent<\/h3>\t<\/a>\n\t\n\t\t\n\t\t\t<\/div>\n<\/div>\n<\/li>\n<\/ul>\n<\/div><\/div><\/div><\/div><\/div><\/div><\/div>","protected":false},"excerpt":{"rendered":"Ana Kategori K\u0131sm\u0131na Geri D\u00f6n Renk ve modelleme se\u00e7enekleri i\u00e7in, l\u00fctfen \u00fcr\u00fcnlere t\u0131klay\u0131p detaylar\u0131n\u0131 inceleyiniz. \u00dcr\u00fcnlerimizin tamam\u0131 iste\u011fe ba\u011fl\u0131 \u00f6l\u00e7\u00fc, kapatma, bask\u0131 ve renk se\u00e7enekleri ile zenginle\u015ftirilmi\u015ftir. 3X3 Prokamp Portatif Kamp \u00c7ad\u0131r\u0131 3X6 Verandal\u0131 Prokamp Portatif Kamp \u00c7ad\u0131r\u0131 Karavan \u00c7ad\u0131r\u0131 Karavan K\u0131\u015f \u00c7ad\u0131r\u0131","protected":false},"author":1,"featured_media":0,"parent":0,"menu_order":0,"comment_status":"closed","ping_status":"closed","template":"","meta":{"footnotes":""},"class_list":["post-4953","page","type-page","status-publish","hentry"],"aioseo_notices":[],"_links":{"self":[{"href":"http:\/\/protent.com.tr\/en\/wp-json\/wp\/v2\/pages\/4953"}],"collection":[{"href":"http:\/\/protent.com.tr\/en\/wp-json\/wp\/v2\/pages"}],"about":[{"href":"http:\/\/protent.com.tr\/en\/wp-json\/wp\/v2\/types\/page"}],"author":[{"embeddable":true,"href":"http:\/\/protent.com.tr\/en\/wp-json\/wp\/v2\/users\/1"}],"replies":[{"embeddable":true,"href":"http:\/\/protent.com.tr\/en\/wp-json\/wp\/v2\/comments?post=4953"}],"version-history":[{"count":6,"href":"http:\/\/protent.com.tr\/en\/wp-json\/wp\/v2\/pages\/4953\/revisions"}],"predecessor-version":[{"id":5065,"href":"http:\/\/protent.com.tr\/en\/wp-json\/wp\/v2\/pages\/4953\/revisions\/5065"}],"wp:attachment":[{"href":"http:\/\/protent.com.tr\/en\/wp-json\/wp\/v2\/media?parent=4953"}],"curies":[{"name":"wp","href":"https:\/\/api.w.org\/{rel}","templated":true}]}}