{"id":55,"date":"2016-06-13T15:48:45","date_gmt":"2016-06-13T15:48:45","guid":{"rendered":"http:\/\/sw-themes.com\/porto_dummy\/?page_id=55"},"modified":"2021-02-13T15:03:19","modified_gmt":"2021-02-13T12:03:19","slug":"hakkimizda","status":"publish","type":"page","link":"http:\/\/protent.com.tr\/en\/hakkimizda\/","title":{"rendered":"About Protent"},"content":{"rendered":"<div class=\"vc_row wpb_row pb-5 overflow-hidden porto-inner-container\"><div class=\"porto-wrap-container container\"><div class=\"row\"><div class=\"mx-md-auto vc_column_container col-md-9\" data-appear-animation=\"maskUp\"><div class=\"wpb_wrapper vc_column-inner\"><h2 class=\"word-rotator slide short m-t-xxl\" style=\"font-size:32px;line-height:46px;text-align:center;\" data-plugin-options=\"{'waittime': 7500, 'pauseOnHover': false}\"><span class=\"word-rotate-prefix\" style=\"font-weight:700;font-size:32px !important;\">As Protent, we have<\/span> <span class=\"word-rotator-items has-bg\" style=\"font-family:&#039;Open Sans&#039;;color:#ffffff;background:#0088cc;\"><b class=\"active\">Durable, Esthetic, Multipurpose<\/b><\/span> <span class=\"word-rotate-suffix\" style=\"font-weight:700;font-size:32px !important;\">Solutions<\/span><\/h2>\n\t<div class=\"wpb_text_column wpb_content_element  text-center\" >\n\t\t<div class=\"wpb_wrapper\">\n\t\t\t<p class=\"lead\">Trusted Quality Since 1975\nWe are old and rooted company in this sector. We are improving ourselves continously, representing innovationary solutions, prioritizing customer with knowledge and confidence. We are standing behind the everything we have done since 1975<\/p>\n\n\t\t<\/div>\n\t<\/div>\n<\/div><\/div><\/div><\/div><\/div><div class=\"vc_row wpb_row pb-5 porto-inner-container\"><div class=\"porto-wrap-container container\"><div class=\"row\"><div class=\"vc_column_container col-md-12\"><div class=\"wpb_wrapper vc_column-inner\"><div class=\"vc_row wpb_row vc_inner row\"><div class=\"vc_column_container col-md-6\" data-appear-animation=\"fadeInLeft\" data-appear-animation-delay=\"800\"><div class=\"wpb_wrapper vc_column-inner\"><div class=\"porto-sicon-box  wpb_custom_1efe903570d178ff0a9b7bfa5febd3a4 style_1 left-icon\"><div class=\"porto-sicon-body\"><div class=\"porto-sicon-header\"><h3 class=\"porto-sicon-title\" style=\"font-weight:700;font-size:16.8px;\">Made in Turkey<\/h3><\/div> <!-- header --><div class=\"porto-sicon-description\" style=\"\">First and only company who makes compeletly domestic production in folding canopy tent, camping tent, caravan tent and garden tent with aluminum and steel profile.<\/div> <!-- description --><\/div><\/div><!-- porto-sicon-box --><\/div><\/div><div class=\"vc_column_container col-md-6\" data-appear-animation=\"fadeInRight\" data-appear-animation-delay=\"800\"><div class=\"wpb_wrapper vc_column-inner\"><div class=\"porto-sicon-box  wpb_custom_1efe903570d178ff0a9b7bfa5febd3a4 style_1 left-icon\"><div class=\"porto-sicon-body\"><div class=\"porto-sicon-header\"><h3 class=\"porto-sicon-title\" style=\"font-weight:700;font-size:16.8px;\">Our Brand<\/h3><\/div> <!-- header --><div class=\"porto-sicon-description\" style=\"\">For innovationary solutions, we are keeping developed, that\u2019s why we took registiration for a lot of brands and models and we are one of the prime brands in our sector.<\/div> <!-- description --><\/div><\/div><!-- porto-sicon-box --><\/div><\/div><\/div><\/div><\/div><\/div><\/div><\/div><div data-vc-full-width=\"true\" data-vc-full-width-init=\"false\" class=\"vc_row wpb_row pb-5 section section-primary mt-0 mb-0 section-no-borders porto-inner-container\" data-appear-animation=\"fadeIn\" data-appear-animation-delay=\"100\"><div class=\"porto-wrap-container container\"><div class=\"row\"><div class=\"vc_column_container col-md-3\"><div class=\"wpb_wrapper vc_column-inner\"><div class=\"stats-block stats-top  m-b  wpb_custom_a517333ace5b1666c6af8bd4684f1de9\"><div class=\"porto-sicon-top\"><div class=\"porto-just-icon-wrapper porto-icon none\" style=\"color:#ffffff;font-size:25px;\"><i class=\"Simple-Line-Icons-user\"><\/i><\/div><\/div><div class=\"stats-desc\"><div id=\"counter_136912457969c5005abbf4c\" data-id=\"counter_136912457969c5005abbf4c\" class=\"stats-number\" style=\" font-size:35px;line-height:35px;color:#ffffff;\" data-speed=\"3\" data-counter-value=\"16865\" data-separator=\"none\" data-decimal=\".\">0<\/div><div class=\"counter_suffix mycust\" style=\" font-size:35px;line-height:35px;color:#ffffff\">+<\/div><div class=\"stats-text\" style=\"font-size:16.8px;color:#ffffff;\">Happy Customers<\/div><\/div><\/div><\/div><\/div><div class=\"vc_column_container col-md-3\"><div class=\"wpb_wrapper vc_column-inner\"><div class=\"stats-block stats-top  m-b  wpb_custom_a517333ace5b1666c6af8bd4684f1de9\"><div class=\"porto-sicon-top\"><div class=\"porto-just-icon-wrapper porto-icon none\" style=\"color:#ffffff;font-size:25px;\"><i class=\"Simple-Line-Icons-badge\"><\/i><\/div><\/div><div class=\"stats-desc\"><div id=\"counter_165830852269c5005abc55f\" data-id=\"counter_165830852269c5005abc55f\" class=\"stats-number\" style=\" font-size:35px;line-height:35px;color:#ffffff;\" data-speed=\"3\" data-counter-value=\"45\" data-separator=\"none\" data-decimal=\".\">0<\/div><div class=\"stats-text\" style=\"font-size:16.8px;color:#ffffff;\">Years Of Leading<\/div><\/div><\/div><\/div><\/div><div class=\"vc_column_container col-md-3\"><div class=\"wpb_wrapper vc_column-inner\"><div class=\"stats-block stats-top  m-b  wpb_custom_a517333ace5b1666c6af8bd4684f1de9\"><div class=\"porto-sicon-top\"><div class=\"porto-just-icon-wrapper porto-icon none\" style=\"color:#ffffff;font-size:25px;\"><i class=\"Simple-Line-Icons-graph\"><\/i><\/div><\/div><div class=\"stats-desc\"><div id=\"counter_142097130369c5005abcb47\" data-id=\"counter_142097130369c5005abcb47\" class=\"stats-number\" style=\" font-size:35px;line-height:35px;color:#ffffff;\" data-speed=\"3\" data-counter-value=\"50\" data-separator=\"none\" data-decimal=\".\">0<\/div><div class=\"stats-text\" style=\"font-size:16.8px;color:#ffffff;\">Percent Annual Growing<\/div><\/div><\/div><\/div><\/div><div class=\"vc_column_container col-md-3\"><div class=\"wpb_wrapper vc_column-inner\"><div class=\"stats-block stats-top  m-b  wpb_custom_a517333ace5b1666c6af8bd4684f1de9\"><div class=\"porto-sicon-top\"><div class=\"porto-just-icon-wrapper porto-icon none\" style=\"color:#ffffff;font-size:25px;\"><i class=\"Simple-Line-Icons-cup\"><\/i><\/div><\/div><div class=\"stats-desc\"><div id=\"counter_51845226969c5005abd074\" data-id=\"counter_51845226969c5005abd074\" class=\"stats-number\" style=\" font-size:35px;line-height:35px;color:#ffffff;\" data-speed=\"3\" data-counter-value=\"85\" data-separator=\"none\" data-decimal=\".\">0<\/div><div class=\"stats-text\" style=\"font-size:16.8px;color:#ffffff;\">Glass Of Coffee Per Day :)<\/div><\/div><\/div><\/div><\/div><\/div><\/div><\/div><div class=\"vc_row-full-width vc_clearfix\"><\/div>","protected":false},"excerpt":{"rendered":"Protent Olarak, Biz Dayan\u0131kl\u0131, Estetik, \u00c7ok Ama\u00e7l\u0131 \u00c7\u00f6z\u00fcmler Sunar\u0131z Sultan tente ltd \u015fti 1975 y\u0131l\u0131nda kurulmu\u015f olup Sistemlerinde uzmanla\u015fm\u0131\u015f bir firmad\u0131r. Protent \u00c7ad\u0131r Sistemleri olarak 2011 y\u0131l\u0131nda markala\u015fm\u0131\u015f olup, \u00e7ad\u0131r fiyatlar\u0131 konusunda olduk\u00e7a rekabet\u00e7i bir yap\u0131ya sahiptir. \u00c7ad\u0131r fiyatlar\u0131 konusunda di\u011fer firmalardan farkl\u0131 olarak, rekabetimizi fiyatlar\u0131m\u0131z\u0131n d\u00fc\u015f\u00fck olmas\u0131n\u0131n yan\u0131 s\u0131ra sa\u011flam, kaliteli, estetik, h\u0131zl\u0131 teslimat [...]","protected":false},"author":1,"featured_media":0,"parent":0,"menu_order":0,"comment_status":"closed","ping_status":"closed","template":"","meta":{"footnotes":""},"class_list":["post-55","page","type-page","status-publish","hentry"],"aioseo_notices":[],"_links":{"self":[{"href":"http:\/\/protent.com.tr\/en\/wp-json\/wp\/v2\/pages\/55"}],"collection":[{"href":"http:\/\/protent.com.tr\/en\/wp-json\/wp\/v2\/pages"}],"about":[{"href":"http:\/\/protent.com.tr\/en\/wp-json\/wp\/v2\/types\/page"}],"author":[{"embeddable":true,"href":"http:\/\/protent.com.tr\/en\/wp-json\/wp\/v2\/users\/1"}],"replies":[{"embeddable":true,"href":"http:\/\/protent.com.tr\/en\/wp-json\/wp\/v2\/comments?post=55"}],"version-history":[{"count":10,"href":"http:\/\/protent.com.tr\/en\/wp-json\/wp\/v2\/pages\/55\/revisions"}],"predecessor-version":[{"id":5076,"href":"http:\/\/protent.com.tr\/en\/wp-json\/wp\/v2\/pages\/55\/revisions\/5076"}],"wp:attachment":[{"href":"http:\/\/protent.com.tr\/en\/wp-json\/wp\/v2\/media?parent=55"}],"curies":[{"name":"wp","href":"https:\/\/api.w.org\/{rel}","templated":true}]}}