{"id":4942,"date":"2020-06-24T01:15:25","date_gmt":"2020-06-23T22:15:25","guid":{"rendered":"http:\/\/protent.com.tr\/?post_type=product&#038;p=4942"},"modified":"2021-08-22T01:06:01","modified_gmt":"2021-08-21T22:06:01","slug":"prodome-portatif-satis-ve-tanitim-cadiri","status":"publish","type":"product","link":"http:\/\/protent.com.tr\/en\/product\/prodome-portatif-satis-ve-tanitim-cadiri\/","title":{"rendered":"Prodome- Portable sales and promotion tent"},"content":{"rendered":"<div class=\"vc_row wpb_row row vc_custom_1590762932212 vc_row-o-equal-height vc_row-flex\"><div class=\"vc_column_container col-md-8 d-none d-md-block\"><div class=\"wpb_wrapper vc_column-inner\">\n\t<div class=\"wpb_text_column wpb_content_element\" >\n\t\t<div class=\"wpb_wrapper\">\n\t\t\t<ul>\n<li><span style=\"font-size: 15px;\">Simple set up in a minute and folding system<\/span><\/li>\n<li><span style=\"font-size: 15px;\">Special carry bag<\/span><\/li>\n<li><span style=\"font-size: 15px;\">15x25x1mm Cross Tube<\/span><\/li>\n<li><span style=\"font-size: 15px;\">Waterproof oxford woven fabric<\/span><\/li>\n<li><span style=\"font-size: 15px;\">2 mm thick steel fittings with special mold system<\/span><\/li>\n<li><span style=\"font-size: 15px;\">Ability to adjust the height between 210cm -240cm with 4 level height adjustment<\/span><\/li>\n<li><span style=\"font-size: 15px;\">3mm steel stand and tent peg<\/span><\/li>\n<li><span style=\"font-size: 15px;\">Galvanized steel frame<\/span><\/li>\n<li><span style=\"font-size: 15px;\">Optional side walls<\/span><\/li>\n<li><span style=\"font-size: 15px;\">Removable side walls<\/span><\/li>\n<li><span style=\"font-size: 15px;\">Printing on side walls and valance\u00a0<\/span><\/li>\n<\/ul>\n\n\t\t<\/div>\n\t<\/div>\n<\/div><\/div><div class=\"vc_column_container col-md-4 d-none d-md-block vc_custom_1592863694790\"><div class=\"wpb_wrapper vc_column-inner\">\n\t<div class=\"wpb_text_column wpb_content_element\" >\n\t\t<div class=\"wpb_wrapper\">\n\t\t\t<p>Technical Support and Spare-Part Service <strong>the most important feature of<\/strong> Protent<br \/>\nFree shipping for Turkey<br \/>\nConnection and joint parts are guaranteed for 2 years<\/p>\n\n\t\t<\/div>\n\t<\/div>\n<div class=\"vc_btn3-container vc_btn3-inline\" >\n\t<a class=\"vc_general vc_btn3 vc_btn3-size-xl vc_btn3-shape-default vc_btn3-style-classic wpb_custom_4eba9bcc8f6c36e45e1d476fc3d9024c vc_btn3-color-info btn\" href=\"https:\/\/www.cadirburada.com\/satis-tanitim-cadiri-prodome-satis-tanitim-cadiri\" title=\"\">Buy<\/a>\t<\/div>\n<\/div><\/div><\/div>","protected":false},"excerpt":{"rendered":"<div class=\"vc_btn3-container vc_btn3-inline\" >\n\t<a class=\"vc_general vc_btn3 vc_btn3-size-xl vc_btn3-shape-default vc_btn3-style-flat wpb_custom_4eba9bcc8f6c36e45e1d476fc3d9024c vc_btn3-icon-left vc_btn3-color-grey btn\" href=\"http:\/\/protent.com.tr\/en\/satis-ve-tanitim-cadirlari\/\" title=\"\"><i class=\"vc_btn3-icon fas fa-angle-double-left\"><\/i> \u00d6NCEK\u0130 SAYFAYA GER\u0130 D\u00d6N<\/a>\t<\/div>","protected":false},"featured_media":4936,"template":"","meta":[],"product_cat":[158,159],"product_tag":[162],"class_list":{"0":"post-4942","1":"product","2":"type-product","3":"status-publish","4":"has-post-thumbnail","6":"product_cat-prodome","7":"product_cat-satis-ve-tanitim-cadiri","8":"product_tag-satis-ve-tanitim-cadiri","10":"first","11":"instock","12":"shipping-taxable","13":"purchasable","14":"product-type-variable"},"aioseo_notices":[],"_links":{"self":[{"href":"http:\/\/protent.com.tr\/en\/wp-json\/wp\/v2\/product\/4942"}],"collection":[{"href":"http:\/\/protent.com.tr\/en\/wp-json\/wp\/v2\/product"}],"about":[{"href":"http:\/\/protent.com.tr\/en\/wp-json\/wp\/v2\/types\/product"}],"wp:featuredmedia":[{"embeddable":true,"href":"http:\/\/protent.com.tr\/en\/wp-json\/wp\/v2\/media\/4936"}],"wp:attachment":[{"href":"http:\/\/protent.com.tr\/en\/wp-json\/wp\/v2\/media?parent=4942"}],"wp:term":[{"taxonomy":"product_cat","embeddable":true,"href":"http:\/\/protent.com.tr\/en\/wp-json\/wp\/v2\/product_cat?post=4942"},{"taxonomy":"product_tag","embeddable":true,"href":"http:\/\/protent.com.tr\/en\/wp-json\/wp\/v2\/product_tag?post=4942"}],"curies":[{"name":"wp","href":"https:\/\/api.w.org\/{rel}","templated":true}]}}