{"id":2672,"date":"2020-05-17T17:46:08","date_gmt":"2020-05-17T14:46:08","guid":{"rendered":"http:\/\/protent.com.tr\/?page_id=2672"},"modified":"2021-02-13T18:10:11","modified_gmt":"2021-02-13T15:10:11","slug":"cadir-cesitleri-ve-modelleri","status":"publish","type":"page","link":"https:\/\/protent.com.tr\/cadir-cesitleri-ve-modelleri\/","title":{"rendered":"\u00dcr\u00fcnlerimiz"},"content":{"rendered":"<div class=\"vc_row wpb_row vc_custom_1590575992412 porto-inner-container\"><div class=\"porto-wrap-container container\"><div class=\"row\"><div class=\"vc_column_container col-md-4\"><div class=\"wpb_wrapper vc_column-inner\"><div class=\"porto-image-frame \" data-appear-animation=\"fadeIn\"><div class=\"thumb-info align-center thumb-info-lighten thumb-info-bottom-info thumb-info-box-shadow\"><a href=\"http:\/\/protent.com.tr\/katlanabilir-portatif-cadirlar\/\" title=\"\" target=\"_self\"><span class=\"thumb-info-wrapper\"><img loading=\"lazy\" decoding=\"async\" alt=\"\" src=\"\/\/protent.com.tr\/wp-content\/uploads\/2020\/06\/KATLANAB\u0130L\u0130R-PORTAT\u0130F-\u00c7ADIRLAR.jpg\" class=\"img-responsive\" width=\"650\" height=\"650\"><span class=\"thumb-info-title\"><span class=\"thumb-info-inner\">\u0130ncelemek \u0130\u00e7in t\u0131klay\u0131n<em><\/em><\/span><\/span><span class=\"thumb-info-action\"><span class=\"thumb-info-action-icon\"><i class=\"fas fa-link\"><\/i><\/span><\/span><\/span><\/a><\/div><\/div><h2 style=\"font-size: 25px;color: #595959;font-family:Open Sans;font-weight:800;font-style:normal\" class=\"vc_custom_heading vc_custom_1593580915106 align-left\">KATLANAB\u0130L\u0130R STAND \u00c7ADIRLARI<\/h2><\/div><\/div><div class=\"vc_column_container col-md-4 vc_custom_1592597493844\"><div class=\"wpb_wrapper vc_column-inner\"><div class=\"porto-image-frame \" data-appear-animation=\"fadeIn\"><div class=\"thumb-info align-center thumb-info-lighten thumb-info-bottom-info thumb-info-box-shadow\"><a href=\"http:\/\/protent.com.tr\/progarden-portatif-bahce-cadirlari\/\" title=\"\" target=\"_self\"><span class=\"thumb-info-wrapper\"><img loading=\"lazy\" decoding=\"async\" alt=\"\" src=\"\/\/protent.com.tr\/wp-content\/uploads\/2020\/06\/Progarden_Bahce_Cadirlari.jpg\" class=\"img-responsive\" width=\"650\" height=\"650\"><span class=\"thumb-info-title\"><span class=\"thumb-info-inner\">\u0130ncelemek \u0130\u00e7in t\u0131klay\u0131n<em><\/em><\/span><\/span><span class=\"thumb-info-action\"><span class=\"thumb-info-action-icon\"><i class=\"fas fa-link\"><\/i><\/span><\/span><\/span><\/a><\/div><\/div><h2 style=\"font-size: 25px;color: #595959;font-family:Open Sans;font-weight:800;font-style:normal\" class=\"vc_custom_heading align-left\">PROGARDEN BAH\u00c7E \u00c7ADIRLARI<\/h2><\/div><\/div><div class=\"vc_column_container col-md-4 vc_custom_1592597595935\"><div class=\"wpb_wrapper vc_column-inner\"><div class=\"porto-image-frame \" data-appear-animation=\"fadeIn\"><div class=\"thumb-info align-center thumb-info-lighten thumb-info-bottom-info thumb-info-box-shadow\"><a href=\"http:\/\/protent.com.tr\/satis-ve-tanitim-cadirlari\/\" title=\"\" target=\"_self\"><span class=\"thumb-info-wrapper\"><img loading=\"lazy\" decoding=\"async\" alt=\"\" src=\"\/\/protent.com.tr\/wp-content\/uploads\/2020\/06\/SatisVeTanitim.jpg\" class=\"img-responsive\" width=\"650\" height=\"650\"><span class=\"thumb-info-title\"><span class=\"thumb-info-inner\">\u0130ncelemek \u0130\u00e7in t\u0131klay\u0131n<em><\/em><\/span><\/span><span class=\"thumb-info-action\"><span class=\"thumb-info-action-icon\"><i class=\"fas fa-link\"><\/i><\/span><\/span><\/span><\/a><\/div><\/div><h2 style=\"font-size: 25px;color: #595959;font-family:Open Sans;font-weight:800;font-style:normal\" class=\"vc_custom_heading align-left\">SATI\u015e VE TANITIM \u00c7ADIRLARI<\/h2><\/div><\/div><\/div><\/div><\/div><div class=\"vc_row wpb_row porto-inner-container\"><div class=\"porto-wrap-container container\"><div class=\"row\"><div class=\"vc_column_container col-md-12\"><div class=\"wpb_wrapper vc_column-inner\"><div class=\"porto-separator  \"><hr class=\"separator-line  vc_custom_1592597322751 align_center solid\" style=\"background-color:grey;\"><\/div><\/div><\/div><\/div><\/div><\/div><div class=\"vc_row wpb_row porto-inner-container\"><div class=\"porto-wrap-container container\"><div class=\"row\"><div class=\"vc_column_container col-md-4\"><div class=\"wpb_wrapper vc_column-inner\"><div class=\"porto-image-frame \" data-appear-animation=\"fadeIn\"><div class=\"thumb-info align-center thumb-info-lighten thumb-info-bottom-info thumb-info-box-shadow\"><a href=\"http:\/\/protent.com.tr\/karavan-ve-kamp-cadirlari\/\" title=\"\" target=\"_self\"><span class=\"thumb-info-wrapper\"><img loading=\"lazy\" decoding=\"async\" alt=\"\" src=\"\/\/protent.com.tr\/wp-content\/uploads\/2020\/06\/KaravanVeKamp\u00c7ad\u0131rlar\u0131.jpg\" class=\"img-responsive\" width=\"650\" height=\"650\"><span class=\"thumb-info-title\"><span class=\"thumb-info-inner\">\u0130ncelemek \u0130\u00e7in t\u0131klay\u0131n<em><\/em><\/span><\/span><span class=\"thumb-info-action\"><span class=\"thumb-info-action-icon\"><i class=\"fas fa-link\"><\/i><\/span><\/span><\/span><\/a><\/div><\/div><h2 style=\"font-size: 25px;color: #595959;font-family:Open Sans;font-weight:800;font-style:normal\" class=\"vc_custom_heading align-left\">KARAVAN VE KAMP \u00c7ADIRLARI<\/h2><\/div><\/div><div class=\"vc_column_container col-md-4 vc_custom_1592597536965\"><div class=\"wpb_wrapper vc_column-inner\"><div class=\"porto-image-frame \" data-appear-animation=\"fadeIn\"><div class=\"thumb-info align-center thumb-info-lighten thumb-info-bottom-info thumb-info-box-shadow\"><span class=\"thumb-info-wrapper\"><img loading=\"lazy\" decoding=\"async\" alt=\"\" src=\"\/\/protent.com.tr\/wp-content\/uploads\/2021\/02\/Hazirlanma_Asamasi_Eng.jpg\" class=\"img-responsive\" width=\"1400\" height=\"1184\"><span class=\"thumb-info-title\"><span class=\"thumb-info-inner\">\u0130ncelemek \u0130\u00e7in t\u0131klay\u0131n<em><\/em><\/span><\/span><\/span><\/div><\/div><h2 style=\"font-size: 25px;color: #595959;font-family:Open Sans;font-weight:800;font-style:normal\" class=\"vc_custom_heading align-left\">\u015eEMS\u0130YELER<\/h2><\/div><\/div><div class=\"vc_column_container col-md-4 vc_custom_1592597551364\"><div class=\"wpb_wrapper vc_column-inner\"><div class=\"porto-image-frame \" data-appear-animation=\"fadeIn\"><div class=\"thumb-info align-center thumb-info-lighten thumb-info-bottom-info thumb-info-box-shadow\"><span class=\"thumb-info-wrapper\"><img loading=\"lazy\" decoding=\"async\" alt=\"\" src=\"\/\/protent.com.tr\/wp-content\/uploads\/2021\/02\/Hazirlanma_Asamasi_Eng.jpg\" class=\"img-responsive\" width=\"1400\" height=\"1184\"><span class=\"thumb-info-title\"><span class=\"thumb-info-inner\">\u0130ncelemek \u0130\u00e7in t\u0131klay\u0131n<em><\/em><\/span><\/span><\/span><\/div><\/div><h2 style=\"font-size: 25px;color: #595959;font-family:Open Sans;font-weight:800;font-style:normal\" class=\"vc_custom_heading align-left\">KUBBEL\u0130 \u00c7ADIRLAR<\/h2><\/div><\/div><\/div><\/div><\/div><div class=\"vc_row wpb_row porto-inner-container\"><div class=\"porto-wrap-container container\"><div class=\"row\"><div class=\"vc_column_container col-md-12\"><div class=\"wpb_wrapper vc_column-inner\"><div class=\"porto-separator  \"><hr class=\"separator-line  vc_custom_1592597339944 align_center solid\" style=\"background-color:grey;\"><\/div><\/div><\/div><\/div><\/div><\/div><div class=\"vc_row wpb_row porto-inner-container\"><div class=\"porto-wrap-container container\"><div class=\"row\"><div class=\"vc_column_container col-md-4\"><div class=\"wpb_wrapper vc_column-inner\"><div class=\"porto-image-frame \" data-appear-animation=\"fadeIn\"><div class=\"thumb-info align-center thumb-info-lighten thumb-info-bottom-info thumb-info-box-shadow\"><span class=\"thumb-info-wrapper\"><img loading=\"lazy\" decoding=\"async\" alt=\"\" src=\"\/\/protent.com.tr\/wp-content\/uploads\/2021\/02\/Hazirlanma_Asamasi_Eng.jpg\" class=\"img-responsive\" width=\"1400\" height=\"1184\"><span class=\"thumb-info-title\"><span class=\"thumb-info-inner\">\u0130ncelemek \u0130\u00e7in t\u0131klay\u0131n<em><\/em><\/span><\/span><\/span><\/div><\/div><h2 style=\"font-size: 25px;color: #595959;font-family:Open Sans;font-weight:800;font-style:normal\" class=\"vc_custom_heading align-left\">\u015eANT\u0130YE VE DEPO \u00c7ADIRLARI<\/h2><\/div><\/div><div class=\"vc_column_container col-md-4 vc_custom_1592597565401\"><div class=\"wpb_wrapper vc_column-inner\"><div class=\"porto-image-frame \" data-appear-animation=\"fadeIn\"><div class=\"thumb-info align-center thumb-info-lighten thumb-info-bottom-info thumb-info-box-shadow\"><span class=\"thumb-info-wrapper\"><img loading=\"lazy\" decoding=\"async\" alt=\"\" src=\"\/\/protent.com.tr\/wp-content\/uploads\/2021\/02\/Hazirlanma_Asamasi_Eng.jpg\" class=\"img-responsive\" width=\"1400\" height=\"1184\"><span class=\"thumb-info-title\"><span class=\"thumb-info-inner\">\u0130ncelemek \u0130\u00e7in t\u0131klay\u0131n<em><\/em><\/span><\/span><\/span><\/div><\/div><h2 style=\"font-size: 25px;color: #595959;font-family:Open Sans;font-weight:800;font-style:normal\" class=\"vc_custom_heading align-left\">\u015e\u0130\u015eME \u00c7ADIRLAR<\/h2><\/div><\/div><div class=\"vc_column_container col-md-4\"><div class=\"wpb_wrapper vc_column-inner\"><\/div><\/div><\/div><\/div><\/div>\n","protected":false},"excerpt":{"rendered":"\u0130ncelemek \u0130\u00e7in t\u0131klay\u0131nKATLANAB\u0130L\u0130R STAND \u00c7ADIRLARI\u0130ncelemek \u0130\u00e7in t\u0131klay\u0131nPROGARDEN BAH\u00c7E \u00c7ADIRLARI\u0130ncelemek \u0130\u00e7in t\u0131klay\u0131nSATI\u015e VE TANITIM \u00c7ADIRLARI\u0130ncelemek \u0130\u00e7in t\u0131klay\u0131nKARAVAN VE KAMP \u00c7ADIRLARI\u0130ncelemek \u0130\u00e7in t\u0131klay\u0131n\u015eEMS\u0130YELER\u0130ncelemek \u0130\u00e7in t\u0131klay\u0131nKUBBEL\u0130 \u00c7ADIRLAR\u0130ncelemek \u0130\u00e7in t\u0131klay\u0131n\u015eANT\u0130YE VE DEPO \u00c7ADIRLARI\u0130ncelemek \u0130\u00e7in t\u0131klay\u0131n\u015e\u0130\u015eME \u00c7ADIRLAR","protected":false},"author":1,"featured_media":0,"parent":0,"menu_order":0,"comment_status":"closed","ping_status":"closed","template":"","meta":{"footnotes":""},"class_list":["post-2672","page","type-page","status-publish","hentry"],"aioseo_notices":[],"_links":{"self":[{"href":"https:\/\/protent.com.tr\/wp-json\/wp\/v2\/pages\/2672"}],"collection":[{"href":"https:\/\/protent.com.tr\/wp-json\/wp\/v2\/pages"}],"about":[{"href":"https:\/\/protent.com.tr\/wp-json\/wp\/v2\/types\/page"}],"author":[{"embeddable":true,"href":"https:\/\/protent.com.tr\/wp-json\/wp\/v2\/users\/1"}],"replies":[{"embeddable":true,"href":"https:\/\/protent.com.tr\/wp-json\/wp\/v2\/comments?post=2672"}],"version-history":[{"count":57,"href":"https:\/\/protent.com.tr\/wp-json\/wp\/v2\/pages\/2672\/revisions"}],"predecessor-version":[{"id":5083,"href":"https:\/\/protent.com.tr\/wp-json\/wp\/v2\/pages\/2672\/revisions\/5083"}],"wp:attachment":[{"href":"https:\/\/protent.com.tr\/wp-json\/wp\/v2\/media?parent=2672"}],"curies":[{"name":"wp","href":"https:\/\/api.w.org\/{rel}","templated":true}]}}