{"id":4793,"date":"2020-06-23T00:13:52","date_gmt":"2020-06-22T21:13:52","guid":{"rendered":"http:\/\/protent.com.tr\/?page_id=4793"},"modified":"2020-11-18T18:20:21","modified_gmt":"2020-11-18T15:20:21","slug":"progarden-portatif-bahce-cadirlari","status":"publish","type":"page","link":"https:\/\/protent.com.tr\/progarden-portatif-bahce-cadirlari\/","title":{"rendered":"Progarden Portatif Bah\u00e7e \u00c7ad\u0131rlar\u0131"},"content":{"rendered":"<div class=\"vc_row wpb_row vc_custom_1592862867363 porto-inner-container\"><div class=\"porto-wrap-container container\"><div class=\"row vc_column-gap-20\"><div class=\"vc_column_container col-md-12 vc_custom_1605712816015\"><div class=\"wpb_wrapper vc_column-inner\"><div class=\"vc_btn3-container vc_btn3-inline\" >\n\t<a class=\"vc_general vc_btn3 vc_btn3-size-xl vc_btn3-shape-default vc_btn3-style-flat wpb_custom_4eba9bcc8f6c36e45e1d476fc3d9024c vc_btn3-icon-left vc_btn3-color-grey btn\" href=\"http:\/\/protent.com.tr\/cadir-cesitleri-ve-modelleri\/\" title=\"\"><i class=\"vc_btn3-icon fas fa-angle-double-left\"><\/i> Ana Kategori K\u0131sm\u0131na Geri D\u00f6n<\/a>\t<\/div>\n\n\t<div class=\"wpb_text_column wpb_content_element  vc_custom_1590967465962\" >\n\t\t<div class=\"wpb_wrapper\">\n\t\t\t<p><span style=\"font-size: 20px;\">Renk ve modelleme se\u00e7enekleri i\u00e7in, l\u00fctfen \u00fcr\u00fcnlere t\u0131klay\u0131p detaylar\u0131n\u0131 inceleyiniz. \u00dcr\u00fcnlerimizin tamam\u0131 iste\u011fe ba\u011fl\u0131 \u00f6l\u00e7\u00fc, kapatma, bask\u0131 ve renk se\u00e7enekleri ile zenginle\u015ftirilmi\u015ftir.<\/span><\/p>\n\n\t\t<\/div>\n\t<\/div>\n<div id=\"porto-products-4704\" class=\"porto-products wpb_content_element onhover wpb_custom_c9b29ede315f81ce7e062dc664e7ed90\"><div class=\"woocommerce columns-2 \"><ul class=\"products products-container grid show-nav-middle pcols-lg-2 pcols-md-2 pcols-xs-2 pcols-ls-1 pwidth-lg-1 pwidth-md-1 pwidth-xs-1 pwidth-ls-1 is-shortcode\"\n\t data-product_layout=\"product-default show-links-hover\">\n\n<li class=\"product-col product-default show-links-hover product type-product post-4862 status-publish first instock product_cat-3-5x3-5 product_cat-progarden product_tag-350x350 product_tag-aninda-kurulabilen-portatif-cadir-sistemleri product_tag-bahce-cadiri product_tag-cadir-sistemleri product_tag-katlanabilir-cadir product_tag-portatif-cadir-sistemleri has-post-thumbnail shipping-taxable purchasable product-type-variable\">\n<div class=\"product-inner\">\n\t\n\t<div class=\"product-image\">\n\n\t\t<a  href=\"https:\/\/protent.com.tr\/urun\/3-5x3-5-progarden-portatif-bahce-cadiri\/\">\n\t\t\t<div data-link=\"\" class=\"viewcart viewcart-4862\" title=\"Sepeti g\u00f6r\u00fcnt\u00fcle\"><\/div><div class=\"inner\"><img loading=\"lazy\" decoding=\"async\" width=\"1400\" height=\"1184\" src=\"https:\/\/protent.com.tr\/wp-content\/uploads\/2020\/06\/Progarden_3X3__Renkler_0005.jpg\" class=\" wp-post-image\" alt=\"\" srcset=\"https:\/\/protent.com.tr\/wp-content\/uploads\/2020\/06\/Progarden_3X3__Renkler_0005.jpg 1400w, https:\/\/protent.com.tr\/wp-content\/uploads\/2020\/06\/Progarden_3X3__Renkler_0005-768x650.jpg 768w, https:\/\/protent.com.tr\/wp-content\/uploads\/2020\/06\/Progarden_3X3__Renkler_0005-640x541.jpg 640w, https:\/\/protent.com.tr\/wp-content\/uploads\/2020\/06\/Progarden_3X3__Renkler_0005-400x338.jpg 400w, https:\/\/protent.com.tr\/wp-content\/uploads\/2020\/06\/Progarden_3X3__Renkler_0005-367x310.jpg 367w\" sizes=\"(max-width: 1400px) 100vw, 1400px\" \/><\/div>\t\t<\/a>\n\t\t\t<\/div>\n\n\t<div class=\"product-content\">\n\t\t\n\t\t\t<a class=\"product-loop-title\"  href=\"https:\/\/protent.com.tr\/urun\/3-5x3-5-progarden-portatif-bahce-cadiri\/\">\n\t<h3 class=\"woocommerce-loop-product__title\">3.5X3.5 Progarden Portatif Bah\u00e7e \u00c7ad\u0131r\u0131<\/h3>\t<\/a>\n\t\n\t\t\n\t\t\t<\/div>\n<\/div>\n<\/li>\n\n<li class=\"product-col product-default show-links-hover product type-product post-4797 status-publish last instock product_cat-3x3 product_cat-progarden product_tag-3x3 product_tag-aninda-kurulabilen-portatif-cadir-sistemleri product_tag-bahce-cadiri product_tag-cadir-sistemleri product_tag-katlanabilir-cadir product_tag-portatif-cadir-sistemleri has-post-thumbnail shipping-taxable purchasable product-type-variable\">\n<div class=\"product-inner\">\n\t\n\t<div class=\"product-image\">\n\n\t\t<a  href=\"https:\/\/protent.com.tr\/urun\/3x3-progarden-portatif-bahce-cadiri\/\">\n\t\t\t<div data-link=\"\" class=\"viewcart viewcart-4797\" title=\"Sepeti g\u00f6r\u00fcnt\u00fcle\"><\/div><div class=\"inner\"><img loading=\"lazy\" decoding=\"async\" width=\"1400\" height=\"1184\" src=\"https:\/\/protent.com.tr\/wp-content\/uploads\/2020\/06\/Progarden_3X3__Renkler_0006.jpg\" class=\" wp-post-image\" alt=\"\" srcset=\"https:\/\/protent.com.tr\/wp-content\/uploads\/2020\/06\/Progarden_3X3__Renkler_0006.jpg 1400w, https:\/\/protent.com.tr\/wp-content\/uploads\/2020\/06\/Progarden_3X3__Renkler_0006-768x650.jpg 768w, https:\/\/protent.com.tr\/wp-content\/uploads\/2020\/06\/Progarden_3X3__Renkler_0006-640x541.jpg 640w, https:\/\/protent.com.tr\/wp-content\/uploads\/2020\/06\/Progarden_3X3__Renkler_0006-400x338.jpg 400w, https:\/\/protent.com.tr\/wp-content\/uploads\/2020\/06\/Progarden_3X3__Renkler_0006-367x310.jpg 367w\" sizes=\"(max-width: 1400px) 100vw, 1400px\" \/><\/div>\t\t<\/a>\n\t\t\t<\/div>\n\n\t<div class=\"product-content\">\n\t\t\n\t\t\t<a class=\"product-loop-title\"  href=\"https:\/\/protent.com.tr\/urun\/3x3-progarden-portatif-bahce-cadiri\/\">\n\t<h3 class=\"woocommerce-loop-product__title\">3X3 Progarden Portatif Bah\u00e7e \u00c7ad\u0131r\u0131<\/h3>\t<\/a>\n\t\n\t\t\n\t\t\t<\/div>\n<\/div>\n<\/li>\n\n<li class=\"product-col product-default show-links-hover product type-product post-4979 status-publish first instock product_cat-3x3x3 product_cat-progarden product_tag-3x3x3 product_tag-aninda-kurulabilen-portatif-cadir-sistemleri product_tag-bahce-cadiri product_tag-cadir-sistemleri product_tag-katlanabilir-cadir product_tag-petek product_tag-portatif-cadir-sistemleri has-post-thumbnail shipping-taxable purchasable product-type-variable\">\n<div class=\"product-inner\">\n\t\n\t<div class=\"product-image\">\n\n\t\t<a  href=\"https:\/\/protent.com.tr\/urun\/3x3x3-petek-progarden-portatif-bahce-cadiri\/\">\n\t\t\t<div data-link=\"\" class=\"viewcart viewcart-4979\" title=\"Sepeti g\u00f6r\u00fcnt\u00fcle\"><\/div><div class=\"inner\"><img loading=\"lazy\" decoding=\"async\" width=\"1400\" height=\"1184\" src=\"https:\/\/protent.com.tr\/wp-content\/uploads\/2020\/06\/ProGarden_Petek__0005.jpg\" class=\" wp-post-image\" alt=\"\" srcset=\"https:\/\/protent.com.tr\/wp-content\/uploads\/2020\/06\/ProGarden_Petek__0005.jpg 1400w, https:\/\/protent.com.tr\/wp-content\/uploads\/2020\/06\/ProGarden_Petek__0005-768x650.jpg 768w, https:\/\/protent.com.tr\/wp-content\/uploads\/2020\/06\/ProGarden_Petek__0005-640x541.jpg 640w, https:\/\/protent.com.tr\/wp-content\/uploads\/2020\/06\/ProGarden_Petek__0005-400x338.jpg 400w, https:\/\/protent.com.tr\/wp-content\/uploads\/2020\/06\/ProGarden_Petek__0005-367x310.jpg 367w\" sizes=\"(max-width: 1400px) 100vw, 1400px\" \/><\/div>\t\t<\/a>\n\t\t\t<\/div>\n\n\t<div class=\"product-content\">\n\t\t\n\t\t\t<a class=\"product-loop-title\"  href=\"https:\/\/protent.com.tr\/urun\/3x3x3-petek-progarden-portatif-bahce-cadiri\/\">\n\t<h3 class=\"woocommerce-loop-product__title\">3X3X3 Petek &#8211; Progarden Portatif Bah\u00e7e \u00c7ad\u0131r\u0131<\/h3>\t<\/a>\n\t\n\t\t\n\t\t\t<\/div>\n<\/div>\n<\/li>\n\n<li class=\"product-col product-default show-links-hover product type-product post-4893 status-publish last instock product_cat-3x4-5 product_cat-progarden product_tag-3x4-5 product_tag-3x450 product_tag-aninda-kurulabilen-portatif-cadir-sistemleri product_tag-bahce-cadiri product_tag-cadir-sistemleri product_tag-katlanabilir-cadir product_tag-portatif-cadir-sistemleri has-post-thumbnail shipping-taxable purchasable product-type-variable\">\n<div class=\"product-inner\">\n\t\n\t<div class=\"product-image\">\n\n\t\t<a  href=\"https:\/\/protent.com.tr\/urun\/3x4-5-progarden-portatif-bahce-cadiri\/\">\n\t\t\t<div data-link=\"\" class=\"viewcart viewcart-4893\" title=\"Sepeti g\u00f6r\u00fcnt\u00fcle\"><\/div><div class=\"inner\"><img loading=\"lazy\" decoding=\"async\" width=\"1400\" height=\"1184\" src=\"https:\/\/protent.com.tr\/wp-content\/uploads\/2020\/06\/3X450_Progarden__Renkler_0004.jpg\" class=\" wp-post-image\" alt=\"\" srcset=\"https:\/\/protent.com.tr\/wp-content\/uploads\/2020\/06\/3X450_Progarden__Renkler_0004.jpg 1400w, https:\/\/protent.com.tr\/wp-content\/uploads\/2020\/06\/3X450_Progarden__Renkler_0004-768x650.jpg 768w, https:\/\/protent.com.tr\/wp-content\/uploads\/2020\/06\/3X450_Progarden__Renkler_0004-640x541.jpg 640w, https:\/\/protent.com.tr\/wp-content\/uploads\/2020\/06\/3X450_Progarden__Renkler_0004-400x338.jpg 400w, https:\/\/protent.com.tr\/wp-content\/uploads\/2020\/06\/3X450_Progarden__Renkler_0004-367x310.jpg 367w\" sizes=\"(max-width: 1400px) 100vw, 1400px\" \/><\/div>\t\t<\/a>\n\t\t\t<\/div>\n\n\t<div class=\"product-content\">\n\t\t\n\t\t\t<a class=\"product-loop-title\"  href=\"https:\/\/protent.com.tr\/urun\/3x4-5-progarden-portatif-bahce-cadiri\/\">\n\t<h3 class=\"woocommerce-loop-product__title\">3X4.5 Progarden Portatif Bah\u00e7e \u00c7ad\u0131r\u0131<\/h3>\t<\/a>\n\t\n\t\t\n\t\t\t<\/div>\n<\/div>\n<\/li>\n\n<li class=\"product-col product-default show-links-hover product type-product post-4878 status-publish first instock product_cat-3x6 product_cat-progarden product_tag-3x6 product_tag-aninda-kurulabilen-portatif-cadir-sistemleri product_tag-bahce-cadiri product_tag-cadir-sistemleri product_tag-katlanabilir-cadir product_tag-portatif-cadir-sistemleri has-post-thumbnail shipping-taxable purchasable product-type-variable\">\n<div class=\"product-inner\">\n\t\n\t<div class=\"product-image\">\n\n\t\t<a  href=\"https:\/\/protent.com.tr\/urun\/3x6-progarden-portatif-bahce-cadiri\/\">\n\t\t\t<div data-link=\"\" class=\"viewcart viewcart-4878\" title=\"Sepeti g\u00f6r\u00fcnt\u00fcle\"><\/div><div class=\"inner\"><img loading=\"lazy\" decoding=\"async\" width=\"1400\" height=\"1184\" src=\"https:\/\/protent.com.tr\/wp-content\/uploads\/2020\/06\/3X6__Renkler_0002-1.jpg\" class=\" wp-post-image\" alt=\"\" srcset=\"https:\/\/protent.com.tr\/wp-content\/uploads\/2020\/06\/3X6__Renkler_0002-1.jpg 1400w, https:\/\/protent.com.tr\/wp-content\/uploads\/2020\/06\/3X6__Renkler_0002-1-768x650.jpg 768w, https:\/\/protent.com.tr\/wp-content\/uploads\/2020\/06\/3X6__Renkler_0002-1-640x541.jpg 640w, https:\/\/protent.com.tr\/wp-content\/uploads\/2020\/06\/3X6__Renkler_0002-1-400x338.jpg 400w, https:\/\/protent.com.tr\/wp-content\/uploads\/2020\/06\/3X6__Renkler_0002-1-367x310.jpg 367w\" sizes=\"(max-width: 1400px) 100vw, 1400px\" \/><\/div>\t\t<\/a>\n\t\t\t<\/div>\n\n\t<div class=\"product-content\">\n\t\t\n\t\t\t<a class=\"product-loop-title\"  href=\"https:\/\/protent.com.tr\/urun\/3x6-progarden-portatif-bahce-cadiri\/\">\n\t<h3 class=\"woocommerce-loop-product__title\">3X6 Progarden Portatif Bah\u00e7e \u00c7ad\u0131r\u0131<\/h3>\t<\/a>\n\t\n\t\t\n\t\t\t<\/div>\n<\/div>\n<\/li>\n\n<li class=\"product-col product-default show-links-hover product type-product post-4870 status-publish last instock product_cat-4x4 product_cat-progarden product_tag-4x4 product_tag-aninda-kurulabilen-portatif-cadir-sistemleri product_tag-bahce-cadiri product_tag-cadir-sistemleri product_tag-katlanabilir-cadir product_tag-portatif-cadir-sistemleri has-post-thumbnail shipping-taxable purchasable product-type-variable\">\n<div class=\"product-inner\">\n\t\n\t<div class=\"product-image\">\n\n\t\t<a  href=\"https:\/\/protent.com.tr\/urun\/4x4-progarden-portatif-bahce-cadiri\/\">\n\t\t\t<div data-link=\"\" class=\"viewcart viewcart-4870\" title=\"Sepeti g\u00f6r\u00fcnt\u00fcle\"><\/div><div class=\"inner\"><img loading=\"lazy\" decoding=\"async\" width=\"1400\" height=\"1184\" src=\"https:\/\/protent.com.tr\/wp-content\/uploads\/2020\/06\/Progarden_3X3__Renkler_0003.jpg\" class=\" wp-post-image\" alt=\"\" srcset=\"https:\/\/protent.com.tr\/wp-content\/uploads\/2020\/06\/Progarden_3X3__Renkler_0003.jpg 1400w, https:\/\/protent.com.tr\/wp-content\/uploads\/2020\/06\/Progarden_3X3__Renkler_0003-768x650.jpg 768w, https:\/\/protent.com.tr\/wp-content\/uploads\/2020\/06\/Progarden_3X3__Renkler_0003-640x541.jpg 640w, https:\/\/protent.com.tr\/wp-content\/uploads\/2020\/06\/Progarden_3X3__Renkler_0003-400x338.jpg 400w, https:\/\/protent.com.tr\/wp-content\/uploads\/2020\/06\/Progarden_3X3__Renkler_0003-367x310.jpg 367w\" sizes=\"(max-width: 1400px) 100vw, 1400px\" \/><\/div>\t\t<\/a>\n\t\t\t<\/div>\n\n\t<div class=\"product-content\">\n\t\t\n\t\t\t<a class=\"product-loop-title\"  href=\"https:\/\/protent.com.tr\/urun\/4x4-progarden-portatif-bahce-cadiri\/\">\n\t<h3 class=\"woocommerce-loop-product__title\">4X4 Progarden Portatif Bah\u00e7e \u00c7ad\u0131r\u0131<\/h3>\t<\/a>\n\t\n\t\t\n\t\t\t<\/div>\n<\/div>\n<\/li>\n\n<li class=\"product-col product-default show-links-hover product type-product post-4909 status-publish first instock product_cat-4x8 product_cat-progarden product_tag-4x8 product_tag-aninda-kurulabilen-portatif-cadir-sistemleri product_tag-bahce-cadiri product_tag-cadir-sistemleri product_tag-katlanabilir-cadir product_tag-portatif-cadir-sistemleri has-post-thumbnail shipping-taxable purchasable product-type-variable\">\n<div class=\"product-inner\">\n\t\n\t<div class=\"product-image\">\n\n\t\t<a  href=\"https:\/\/protent.com.tr\/urun\/4x8-progarden-portatif-bahce-cadiri\/\">\n\t\t\t<div data-link=\"\" class=\"viewcart viewcart-4909\" title=\"Sepeti g\u00f6r\u00fcnt\u00fcle\"><\/div><div class=\"inner\"><img loading=\"lazy\" decoding=\"async\" width=\"1400\" height=\"1184\" src=\"https:\/\/protent.com.tr\/wp-content\/uploads\/2020\/06\/Progarden_4X8__Renkler_0006.jpg\" class=\" wp-post-image\" alt=\"\" srcset=\"https:\/\/protent.com.tr\/wp-content\/uploads\/2020\/06\/Progarden_4X8__Renkler_0006.jpg 1400w, https:\/\/protent.com.tr\/wp-content\/uploads\/2020\/06\/Progarden_4X8__Renkler_0006-768x650.jpg 768w, https:\/\/protent.com.tr\/wp-content\/uploads\/2020\/06\/Progarden_4X8__Renkler_0006-640x541.jpg 640w, https:\/\/protent.com.tr\/wp-content\/uploads\/2020\/06\/Progarden_4X8__Renkler_0006-400x338.jpg 400w, https:\/\/protent.com.tr\/wp-content\/uploads\/2020\/06\/Progarden_4X8__Renkler_0006-367x310.jpg 367w\" sizes=\"(max-width: 1400px) 100vw, 1400px\" \/><\/div>\t\t<\/a>\n\t\t\t<\/div>\n\n\t<div class=\"product-content\">\n\t\t\n\t\t\t<a class=\"product-loop-title\"  href=\"https:\/\/protent.com.tr\/urun\/4x8-progarden-portatif-bahce-cadiri\/\">\n\t<h3 class=\"woocommerce-loop-product__title\">4X8 Progarden Portatif Bah\u00e7e \u00c7ad\u0131r\u0131<\/h3>\t<\/a>\n\t\n\t\t\n\t\t\t<\/div>\n<\/div>\n<\/li>\n<\/ul>\n<\/div><\/div><\/div><\/div><\/div><\/div><\/div>\n","protected":false},"excerpt":{"rendered":"Ana Kategori K\u0131sm\u0131na Geri D\u00f6n Renk ve modelleme se\u00e7enekleri i\u00e7in, l\u00fctfen \u00fcr\u00fcnlere t\u0131klay\u0131p detaylar\u0131n\u0131 inceleyiniz. \u00dcr\u00fcnlerimizin tamam\u0131 iste\u011fe ba\u011fl\u0131 \u00f6l\u00e7\u00fc, kapatma, bask\u0131 ve renk se\u00e7enekleri ile zenginle\u015ftirilmi\u015ftir. 3.5X3.5 Progarden Portatif Bah\u00e7e \u00c7ad\u0131r\u0131 3X3 Progarden Portatif Bah\u00e7e \u00c7ad\u0131r\u0131 3X3X3 Petek &#8211; Progarden Portatif Bah\u00e7e \u00c7ad\u0131r\u0131 3X4.5 Progarden Portatif Bah\u00e7e \u00c7ad\u0131r\u0131 3X6 Progarden Portatif Bah\u00e7e \u00c7ad\u0131r\u0131 4X4 [...]","protected":false},"author":1,"featured_media":0,"parent":0,"menu_order":0,"comment_status":"closed","ping_status":"closed","template":"","meta":{"footnotes":""},"class_list":["post-4793","page","type-page","status-publish","hentry"],"aioseo_notices":[],"_links":{"self":[{"href":"https:\/\/protent.com.tr\/wp-json\/wp\/v2\/pages\/4793"}],"collection":[{"href":"https:\/\/protent.com.tr\/wp-json\/wp\/v2\/pages"}],"about":[{"href":"https:\/\/protent.com.tr\/wp-json\/wp\/v2\/types\/page"}],"author":[{"embeddable":true,"href":"https:\/\/protent.com.tr\/wp-json\/wp\/v2\/users\/1"}],"replies":[{"embeddable":true,"href":"https:\/\/protent.com.tr\/wp-json\/wp\/v2\/comments?post=4793"}],"version-history":[{"count":13,"href":"https:\/\/protent.com.tr\/wp-json\/wp\/v2\/pages\/4793\/revisions"}],"predecessor-version":[{"id":5037,"href":"https:\/\/protent.com.tr\/wp-json\/wp\/v2\/pages\/4793\/revisions\/5037"}],"wp:attachment":[{"href":"https:\/\/protent.com.tr\/wp-json\/wp\/v2\/media?parent=4793"}],"curies":[{"name":"wp","href":"https:\/\/api.w.org\/{rel}","templated":true}]}}