{"id":55,"date":"2016-06-13T15:48:45","date_gmt":"2016-06-13T15:48:45","guid":{"rendered":"http:\/\/sw-themes.com\/porto_dummy\/?page_id=55"},"modified":"2021-02-13T15:03:19","modified_gmt":"2021-02-13T12:03:19","slug":"hakkimizda","status":"publish","type":"page","link":"https:\/\/protent.com.tr\/hakkimizda\/","title":{"rendered":"Hakk\u0131m\u0131zda"},"content":{"rendered":"<div class=\"vc_row wpb_row pb-5 overflow-hidden porto-inner-container\"><div class=\"porto-wrap-container container\"><div class=\"row\"><div class=\"mx-md-auto vc_column_container col-md-9\" data-appear-animation=\"maskUp\"><div class=\"wpb_wrapper vc_column-inner\"><h2 class=\"word-rotator slide short m-t-xxl\" style=\"font-size:32px;line-height:46px;text-align:center;\" data-plugin-options=\"{'waittime': 7500, 'pauseOnHover': false}\"><span class=\"word-rotate-prefix\" style=\"font-weight:700;font-size:32px !important;\">Protent Olarak, Biz<\/span> <span class=\"word-rotator-items has-bg\" style=\"font-family:&#039;Open Sans&#039;;color:#ffffff;background:#0088cc;\"><b class=\"active\">Dayan\u0131kl\u0131, Estetik, \u00c7ok Ama\u00e7l\u0131<\/b><\/span> <span class=\"word-rotate-suffix\" style=\"font-weight:700;font-size:32px !important;\">\u00c7\u00f6z\u00fcmler Sunar\u0131z<\/span><\/h2>\n\t<div class=\"wpb_text_column wpb_content_element  text-center\" >\n\t\t<div class=\"wpb_wrapper\">\n\t\t\t<p class=\"lead\">Sultan tente ltd \u015fti 1975 y\u0131l\u0131nda kurulmu\u015f olup Sistemlerinde uzmanla\u015fm\u0131\u015f bir firmad\u0131r. Protent \u00c7ad\u0131r Sistemleri olarak 2011 y\u0131l\u0131nda markala\u015fm\u0131\u015f olup, \u00e7ad\u0131r fiyatlar\u0131 konusunda olduk\u00e7a rekabet\u00e7i bir yap\u0131ya sahiptir. \u00c7ad\u0131r fiyatlar\u0131 konusunda di\u011fer firmalardan farkl\u0131 olarak, rekabetimizi fiyatlar\u0131m\u0131z\u0131n d\u00fc\u015f\u00fck olmas\u0131n\u0131n yan\u0131 s\u0131ra sa\u011flam, kaliteli, estetik, h\u0131zl\u0131 teslimat ve m\u00fc\u015fteri odakl\u0131 \u00e7al\u0131\u015fmam\u0131zla yapmaktay\u0131z. 1975\u2019den g\u00fcn\u00fcm\u00fcze hem \u00e7ad\u0131rlar\u0131m\u0131z\u0131n kalitesinde hem de \u00e7ad\u0131r fiyatlar\u0131 konusunda sekt\u00f6r\u00fcnde her zaman \u00f6nc\u00fc olman\u0131n gururunu ya\u015f\u0131yoruz. \u00dclkemizde bir\u00e7ok \u00e7ad\u0131r firmas\u0131 bulunmakta olup ayn\u0131 nitelikteki \u00fcr\u00fcn gruplar\u0131nda \u00e7ok \u00e7e\u015fitli \u00e7ad\u0131r fiyatlar\u0131 s\u00f6z konusudur.<\/p>\n\n\t\t<\/div>\n\t<\/div>\n<\/div><\/div><\/div><\/div><\/div><div class=\"vc_row wpb_row pb-5 porto-inner-container\"><div class=\"porto-wrap-container container\"><div class=\"row\"><div class=\"vc_column_container col-md-12\"><div class=\"wpb_wrapper vc_column-inner\"><div class=\"vc_row wpb_row vc_inner row\"><div class=\"vc_column_container col-md-6\" data-appear-animation=\"fadeInLeft\" data-appear-animation-delay=\"800\"><div class=\"wpb_wrapper vc_column-inner\"><div class=\"porto-sicon-box  wpb_custom_1efe903570d178ff0a9b7bfa5febd3a4 style_1 left-icon\"><div class=\"porto-sicon-body\"><div class=\"porto-sicon-header\"><h3 class=\"porto-sicon-title\" style=\"font-weight:700;font-size:16.8px;\">Yerli \u00dcretim<\/h3><\/div> <!-- header --><div class=\"porto-sicon-description\" style=\"\">Al\u00fcminyum ve \u00e7elik profillere sahip, katlanabilir g\u00f6lge \u00e7ad\u0131rlar\u0131, kamp \u00e7ad\u0131rlar\u0131, karavan ve bah\u00e7e \u00e7ad\u0131rlar\u0131 yapan ilk ve tek firma.<\/div> <!-- description --><\/div><\/div><!-- porto-sicon-box --><\/div><\/div><div class=\"vc_column_container col-md-6\" data-appear-animation=\"fadeInRight\" data-appear-animation-delay=\"800\"><div class=\"wpb_wrapper vc_column-inner\"><div class=\"porto-sicon-box  wpb_custom_1efe903570d178ff0a9b7bfa5febd3a4 style_1 left-icon\"><div class=\"porto-sicon-body\"><div class=\"porto-sicon-header\"><h3 class=\"porto-sicon-title\" style=\"font-weight:700;font-size:16.8px;\">Markam\u0131z<\/h3><\/div> <!-- header --><div class=\"porto-sicon-description\" style=\"\">Yenilik\u00e7i \u00e7\u00f6z\u00fcmler i\u00e7in geli\u015fmeye devam ediyoruz, bir\u00e7ok marka ve model i\u00e7in tescil ald\u0131k ve sekt\u00f6r\u00fcm\u00fcz\u00fcn \u00f6nde gelen markalar\u0131ndan biriyiz.<\/div> <!-- description --><\/div><\/div><!-- porto-sicon-box --><\/div><\/div><\/div><\/div><\/div><\/div><\/div><\/div><div data-vc-full-width=\"true\" data-vc-full-width-init=\"false\" class=\"vc_row wpb_row pb-5 section section-primary mt-0 mb-0 section-no-borders porto-inner-container\" data-appear-animation=\"fadeIn\" data-appear-animation-delay=\"100\"><div class=\"porto-wrap-container container\"><div class=\"row\"><div class=\"vc_column_container col-md-3\"><div class=\"wpb_wrapper vc_column-inner\"><div class=\"stats-block stats-top  m-b  wpb_custom_a517333ace5b1666c6af8bd4684f1de9\"><div class=\"porto-sicon-top\"><div class=\"porto-just-icon-wrapper porto-icon none\" style=\"color:#ffffff;font-size:25px;\"><i class=\"Simple-Line-Icons-user\"><\/i><\/div><\/div><div class=\"stats-desc\"><div id=\"counter_174715377769c4ff57127ab\" data-id=\"counter_174715377769c4ff57127ab\" class=\"stats-number\" style=\" font-size:35px;line-height:35px;color:#ffffff;\" data-speed=\"3\" data-counter-value=\"16865\" data-separator=\"none\" data-decimal=\".\">0<\/div><div class=\"counter_suffix mycust\" style=\" font-size:35px;line-height:35px;color:#ffffff\">+<\/div><div class=\"stats-text\" style=\"font-size:16.8px;color:#ffffff;\">Mutlu M\u00fc\u015fteri<\/div><\/div><\/div><\/div><\/div><div class=\"vc_column_container col-md-3\"><div class=\"wpb_wrapper vc_column-inner\"><div class=\"stats-block stats-top  m-b  wpb_custom_a517333ace5b1666c6af8bd4684f1de9\"><div class=\"porto-sicon-top\"><div class=\"porto-just-icon-wrapper porto-icon none\" style=\"color:#ffffff;font-size:25px;\"><i class=\"Simple-Line-Icons-badge\"><\/i><\/div><\/div><div class=\"stats-desc\"><div id=\"counter_43789860969c4ff5712d47\" data-id=\"counter_43789860969c4ff5712d47\" class=\"stats-number\" style=\" font-size:35px;line-height:35px;color:#ffffff;\" data-speed=\"3\" data-counter-value=\"45\" data-separator=\"none\" data-decimal=\".\">0<\/div><div class=\"stats-text\" style=\"font-size:16.8px;color:#ffffff;\">Y\u0131ld\u0131r Sekt\u00f6r Lideri<\/div><\/div><\/div><\/div><\/div><div class=\"vc_column_container col-md-3\"><div class=\"wpb_wrapper vc_column-inner\"><div class=\"stats-block stats-top  m-b  wpb_custom_a517333ace5b1666c6af8bd4684f1de9\"><div class=\"porto-sicon-top\"><div class=\"porto-just-icon-wrapper porto-icon none\" style=\"color:#ffffff;font-size:25px;\"><i class=\"Simple-Line-Icons-graph\"><\/i><\/div><\/div><div class=\"stats-desc\"><div id=\"counter_145035454369c4ff5713293\" data-id=\"counter_145035454369c4ff5713293\" class=\"stats-number\" style=\" font-size:35px;line-height:35px;color:#ffffff;\" data-speed=\"3\" data-counter-value=\"50\" data-separator=\"none\" data-decimal=\".\">0<\/div><div class=\"stats-text\" style=\"font-size:16.8px;color:#ffffff;\">Y\u0131ll\u0131k B\u00fcy\u00fcme Y\u00fczdesi<\/div><\/div><\/div><\/div><\/div><div class=\"vc_column_container col-md-3\"><div class=\"wpb_wrapper vc_column-inner\"><div class=\"stats-block stats-top  m-b  wpb_custom_a517333ace5b1666c6af8bd4684f1de9\"><div class=\"porto-sicon-top\"><div class=\"porto-just-icon-wrapper porto-icon none\" style=\"color:#ffffff;font-size:25px;\"><i class=\"Simple-Line-Icons-cup\"><\/i><\/div><\/div><div class=\"stats-desc\"><div id=\"counter_60951305769c4ff57137a5\" data-id=\"counter_60951305769c4ff57137a5\" class=\"stats-number\" style=\" font-size:35px;line-height:35px;color:#ffffff;\" data-speed=\"3\" data-counter-value=\"85\" data-separator=\"none\" data-decimal=\".\">0<\/div><div class=\"stats-text\" style=\"font-size:16.8px;color:#ffffff;\">Bardak G\u00fcnl\u00fck Kahve : )<\/div><\/div><\/div><\/div><\/div><\/div><\/div><\/div><div class=\"vc_row-full-width vc_clearfix\"><\/div>\n","protected":false},"excerpt":{"rendered":"Protent Olarak, Biz Dayan\u0131kl\u0131, Estetik, \u00c7ok Ama\u00e7l\u0131 \u00c7\u00f6z\u00fcmler Sunar\u0131z Sultan tente ltd \u015fti 1975 y\u0131l\u0131nda kurulmu\u015f olup Sistemlerinde uzmanla\u015fm\u0131\u015f bir firmad\u0131r. Protent \u00c7ad\u0131r Sistemleri olarak 2011 y\u0131l\u0131nda markala\u015fm\u0131\u015f olup, \u00e7ad\u0131r fiyatlar\u0131 konusunda olduk\u00e7a rekabet\u00e7i bir yap\u0131ya sahiptir. \u00c7ad\u0131r fiyatlar\u0131 konusunda di\u011fer firmalardan farkl\u0131 olarak, rekabetimizi fiyatlar\u0131m\u0131z\u0131n d\u00fc\u015f\u00fck olmas\u0131n\u0131n yan\u0131 s\u0131ra sa\u011flam, kaliteli, estetik, h\u0131zl\u0131 teslimat [...]","protected":false},"author":1,"featured_media":0,"parent":0,"menu_order":0,"comment_status":"closed","ping_status":"closed","template":"","meta":{"footnotes":""},"class_list":["post-55","page","type-page","status-publish","hentry"],"aioseo_notices":[],"_links":{"self":[{"href":"https:\/\/protent.com.tr\/wp-json\/wp\/v2\/pages\/55"}],"collection":[{"href":"https:\/\/protent.com.tr\/wp-json\/wp\/v2\/pages"}],"about":[{"href":"https:\/\/protent.com.tr\/wp-json\/wp\/v2\/types\/page"}],"author":[{"embeddable":true,"href":"https:\/\/protent.com.tr\/wp-json\/wp\/v2\/users\/1"}],"replies":[{"embeddable":true,"href":"https:\/\/protent.com.tr\/wp-json\/wp\/v2\/comments?post=55"}],"version-history":[{"count":10,"href":"https:\/\/protent.com.tr\/wp-json\/wp\/v2\/pages\/55\/revisions"}],"predecessor-version":[{"id":5076,"href":"https:\/\/protent.com.tr\/wp-json\/wp\/v2\/pages\/55\/revisions\/5076"}],"wp:attachment":[{"href":"https:\/\/protent.com.tr\/wp-json\/wp\/v2\/media?parent=55"}],"curies":[{"name":"wp","href":"https:\/\/api.w.org\/{rel}","templated":true}]}}