{"id":75,"date":"2016-06-14T06:36:54","date_gmt":"2016-06-14T06:36:54","guid":{"rendered":"http:\/\/sw-themes.com\/porto_dummy\/?page_id=75"},"modified":"2020-06-22T03:36:32","modified_gmt":"2020-06-22T00:36:32","slug":"contact-us-advanced","status":"publish","type":"page","link":"https:\/\/protent.com.tr\/contact-us-advanced\/","title":{"rendered":"Bizimle \u0130leti\u015fime Ge\u00e7in"},"content":{"rendered":"<div class=\"vc_row wpb_row m-b-xl vc_custom_1590673743846 porto-inner-container\"><div class=\"porto-wrap-container container\"><div class=\"row\"><div class=\"vc_column_container col-md-6\"><div class=\"wpb_wrapper vc_column-inner\"><h4  class=\"vc_custom_heading m-t align-left heading-primary\">Bize <strong>Mail<\/strong> Yaz\u0131n<\/h4>\n<div class=\"wpcf7 no-js\" id=\"wpcf7-f7-o1\" lang=\"tr-TR\" dir=\"ltr\">\n<div class=\"screen-reader-response\"><p role=\"status\" aria-live=\"polite\" aria-atomic=\"true\"><\/p> <ul><\/ul><\/div>\n<form action=\"\/wp-json\/wp\/v2\/pages\/75#wpcf7-f7-o1\" method=\"post\" class=\"wpcf7-form init\" aria-label=\"\u0130leti\u015fim Formu\" novalidate=\"novalidate\" data-status=\"init\">\n<div style=\"display: none;\">\n<input type=\"hidden\" name=\"_wpcf7\" value=\"7\" \/>\n<input type=\"hidden\" name=\"_wpcf7_version\" value=\"5.9.8\" \/>\n<input type=\"hidden\" name=\"_wpcf7_locale\" value=\"tr_TR\" \/>\n<input type=\"hidden\" name=\"_wpcf7_unit_tag\" value=\"wpcf7-f7-o1\" \/>\n<input type=\"hidden\" name=\"_wpcf7_container_post\" value=\"0\" \/>\n<input type=\"hidden\" name=\"_wpcf7_posted_data_hash\" value=\"\" \/>\n<\/div>\n<p><label> Ad\u0131n\u0131z (gerekli)<br \/>\n<span class=\"wpcf7-form-control-wrap\" data-name=\"your-name\"><input size=\"40\" maxlength=\"400\" class=\"wpcf7-form-control wpcf7-text wpcf7-validates-as-required\" aria-required=\"true\" aria-invalid=\"false\" value=\"\" type=\"text\" name=\"your-name\" \/><\/span> <\/label>\n<\/p>\n<p><label> Mail Adresiniz (gerekli)<br \/>\n<span class=\"wpcf7-form-control-wrap\" data-name=\"your-email\"><input size=\"40\" maxlength=\"400\" class=\"wpcf7-form-control wpcf7-email wpcf7-validates-as-required wpcf7-text wpcf7-validates-as-email\" aria-required=\"true\" aria-invalid=\"false\" value=\"\" type=\"email\" name=\"your-email\" \/><\/span> <\/label>\n<\/p>\n<p><label> Telefon Numaran\u0131z (gerekli)<br \/>\n<span class=\"wpcf7-form-control-wrap\" data-name=\"tel-962\"><input size=\"40\" maxlength=\"400\" class=\"wpcf7-form-control wpcf7-tel wpcf7-validates-as-required wpcf7-text wpcf7-validates-as-tel\" aria-required=\"true\" aria-invalid=\"false\" value=\"05\" type=\"tel\" name=\"tel-962\" \/><\/span> <\/label>\n<\/p>\n<p><label> Konu<br \/>\n<span class=\"wpcf7-form-control-wrap\" data-name=\"your-subject\"><input size=\"40\" maxlength=\"400\" class=\"wpcf7-form-control wpcf7-text\" aria-invalid=\"false\" value=\"\" type=\"text\" name=\"your-subject\" \/><\/span> <\/label>\n<\/p>\n<p><label> Mesaj\u0131n\u0131z<br \/>\n<span class=\"wpcf7-form-control-wrap\" data-name=\"your-message\"><textarea cols=\"40\" rows=\"10\" maxlength=\"2000\" class=\"wpcf7-form-control wpcf7-textarea\" aria-invalid=\"false\" name=\"your-message\"><\/textarea><\/span> <\/label>\n<\/p>\n<p><input class=\"wpcf7-form-control wpcf7-submit has-spinner\" type=\"submit\" value=\"G\u00f6nder\" \/>\n<\/p><div class=\"wpcf7-response-output\" aria-hidden=\"true\"><\/div>\n<\/form>\n<\/div>\n<\/div><\/div><div class=\"vc_column_container col-md-6 vc_custom_1590673069796\"><div class=\"wpb_wrapper vc_column-inner\"><h4  class=\"vc_custom_heading m-t align-left heading-primary\">Bize <strong>Ula\u015f\u0131n<\/strong><\/h4>\n\t<div class=\"wpb_text_column wpb_content_element \" >\n\t\t<div class=\"wpb_wrapper\">\n\t\t\t<p>Protent olarak hizmet a\u011f\u0131m\u0131z t\u00fcm D\u00fcnya&#8217;y\u0131 kapsamaktad\u0131r. T\u00fcrkiye&#8217;nin 81 iline hizmet vermenin yan\u0131 s\u0131ra t\u00fcm \u00fclkelere yapt\u0131\u011f\u0131m\u0131z ihracat\u0131m\u0131zla sekt\u00f6rde sa\u011flam bir duru\u015f sergiemekteyiz.\u00a0 Bireysel yada kurumsal b\u00fct\u00fcn m\u00fc\u015fterilerimizin sorular\u0131n\u0131 dinlemek onlara yard\u0131mc\u0131 olmak bizim en \u00f6nemli \u00f6nceli\u011fimiz olmu\u015ftur.<\/p>\n\n\t\t<\/div>\n\t<\/div>\n<div class=\"porto-separator  \"><hr class=\"separator-line  align_center\"><\/div><h4  class=\"vc_custom_heading align-left heading-primary\">Ana <strong>Ofisimiz<\/strong><\/h4><div class=\"porto-sicon-box  wpb_custom_991192e517ba80822b25b68bbbc51b14 style_1 default-icon flex-wrap\"><div class=\"porto-sicon-default\"><div class=\"porto-just-icon-wrapper porto-icon circle\" style=\"color:#ffffff;background:#0088cc;font-size:14px;\"><i class=\"fas fa-map-marker-alt\"><\/i><\/div><\/div><div class=\"porto-sicon-header\"><h3 class=\"porto-sicon-title\" style=\"font-size:14px;\"><strong>Adres:<\/strong><\/h3><\/div> <!-- header --><div class=\"porto-sicon-description\" style=\"\">\u00c7atalca yolu b\u00fclb\u00fclo\u011flu San. Sit &#8211; Kat:2 &#8211; No:1\/M B\u00fcy\u00fck\u00e7ekmece &#8211; \u0130stanbul<\/div> <!-- description --><\/div><!-- porto-sicon-box --><div class=\"porto-sicon-box  wpb_custom_991192e517ba80822b25b68bbbc51b14 style_1 default-icon\"><div class=\"porto-sicon-default\"><div class=\"porto-just-icon-wrapper porto-icon circle\" style=\"color:#ffffff;background:#0088cc;font-size:14px;\"><i class=\"fas fa-phone\"><\/i><\/div><\/div><div class=\"porto-sicon-header\"><h3 class=\"porto-sicon-title\" style=\"font-size:14px;\"><strong>Telefon:<\/strong> 0(212) 861 27 20<\/h3><\/div> <!-- header --><\/div><!-- porto-sicon-box --><div class=\"porto-sicon-box  wpb_custom_991192e517ba80822b25b68bbbc51b14 style_1 default-icon\"><div class=\"porto-sicon-default\"><div class=\"porto-just-icon-wrapper porto-icon circle\" style=\"color:#ffffff;background:#0088cc;font-size:14px;\"><i class=\"far fa-envelope\"><\/i><\/div><\/div><div class=\"porto-sicon-header\"><h3 class=\"porto-sicon-title\" style=\"font-size:14px;\"><strong>Email:<\/strong> info@protent.com.tr<\/h3><\/div> <!-- header --><\/div><!-- porto-sicon-box --><div class=\"porto-separator  \"><hr class=\"separator-line  align_center\"><\/div><h4  class=\"vc_custom_heading align-left heading-primary\">\u00c7al\u0131\u015fma <strong>Saatlerimiz<\/strong><\/h4><div class=\"porto-sicon-box  wpb_custom_991192e517ba80822b25b68bbbc51b14 style_1 default-icon\"><div class=\"porto-sicon-default\"><div class=\"porto-just-icon-wrapper porto-icon none\" style=\"font-size:14px;\"><i class=\"far fa-clock\"><\/i><\/div><\/div><div class=\"porto-sicon-header\"><h3 class=\"porto-sicon-title\" style=\"font-size:14px;\">Hafta \u0130\u00e7i - 09:00 - 20:00<\/h3><\/div> <!-- header --><\/div><!-- porto-sicon-box --><div class=\"porto-sicon-box  wpb_custom_991192e517ba80822b25b68bbbc51b14 style_1 default-icon\"><div class=\"porto-sicon-default\"><div class=\"porto-just-icon-wrapper porto-icon none\" style=\"font-size:14px;\"><i class=\"far fa-clock\"><\/i><\/div><\/div><div class=\"porto-sicon-header\"><h3 class=\"porto-sicon-title\" style=\"font-size:14px;\">Cumartesi -09:00 - 15:00<\/h3><\/div> <!-- header --><\/div><!-- porto-sicon-box --><div class=\"porto-sicon-box  wpb_custom_991192e517ba80822b25b68bbbc51b14 style_1 default-icon\"><div class=\"porto-sicon-default\"><div class=\"porto-just-icon-wrapper porto-icon none\" style=\"font-size:14px;\"><i class=\"far fa-clock\"><\/i><\/div><\/div><div class=\"porto-sicon-header\"><h3 class=\"porto-sicon-title\" style=\"font-size:14px;\">Pazar - Kapal\u0131<\/h3><\/div> <!-- header --><\/div><!-- porto-sicon-box --><\/div><\/div><\/div><\/div><\/div><div class=\"vc_row wpb_row row\"><div class=\"vc_column_container col-md-12\"><div class=\"wpb_wrapper vc_column-inner\"><div id='wrap_map_69c4ff7cb53f2' class='porto-map-wrapper porto-adjust-bottom-margin ' style='height:600px;'><div id='map_69c4ff7cb53f2' data-map_override='0' class='porto_google_map page_margin_top' style='width:100%;height:600px;'><\/div><\/div><script>\r\n( function() {\r\n\tvar porto_init_map = function() {\r\n\t\t( function( $ ) {\r\n\t\t\t'use strict';\r\n\t\t\tif (typeof google == 'undefined') {\r\n\t\t\t\treturn;\r\n\t\t\t}\r\n\t\t\tvar map_map_69c4ff7cb53f2 = null;\r\n\t\t\tvar coordinate_map_69c4ff7cb53f2;\r\n\t\t\ttry {\r\n\t\t\t\tcoordinate_map_69c4ff7cb53f2=new google.maps.LatLng(41.025313, 28.557086);\r\n\t\t\t\tvar isDraggable = $(document).width() > 640 ? true : true;\r\n\t\t\t\tvar mapOptions = {\r\n\t\t\t\t\tzoom: 18,\r\n\t\t\t\t\tcenter: coordinate_map_69c4ff7cb53f2,\r\n\t\t\t\t\tscaleControl: true,\r\n\t\t\t\t\tstreetViewControl: false,\r\n\t\t\t\t\tmapTypeControl: false,\r\n\t\t\t\t\tpanControl: false,\r\n\t\t\t\t\tzoomControl: false,\r\n\t\t\t\t\tscrollwheel: true,\r\n\t\t\t\t\tdraggable: isDraggable,\r\n\t\t\t\t\tzoomControlOptions: {\r\n\t\t\t\t\t\tposition: google.maps.ControlPosition.RIGHT_BOTTOM\r\n\t\t\t\t\t},mapTypeId: google.maps.MapTypeId.ROADMAP,};var map_map_69c4ff7cb53f2 = new google.maps.Map(document.getElementById('map_69c4ff7cb53f2'),mapOptions);\r\n\t\t\t\t\t\tvar x = 'on';\r\n\t\t\t\t\t\tvar marker_map_69c4ff7cb53f2 = new google.maps.Marker({\r\n\t\t\t\t\t\tposition: new google.maps.LatLng(41.025313, 28.557086),\r\n\t\t\t\t\t\tanimation:  google.maps.Animation.DROP,\r\n\t\t\t\t\t\tmap: map_map_69c4ff7cb53f2,\r\n\t\t\t\t\t\ticon: ''\r\n\t\t\t\t\t});\r\n\t\t\t\t\tgoogle.maps.event.addListener(marker_map_69c4ff7cb53f2, 'click', toggleBounce);}\r\n\t\t\tcatch(e){};\r\n\t\t\tgoogle.maps.event.trigger(map_map_69c4ff7cb53f2, 'resize');\r\n\t\t\t$(window).on('resize', function(){\r\n\t\t\t\tgoogle.maps.event.trigger(map_map_69c4ff7cb53f2, 'resize');\r\n\t\t\t\tif(map_map_69c4ff7cb53f2!=null) {\r\n\t\t\t\t\tmap_map_69c4ff7cb53f2.setCenter(coordinate_map_69c4ff7cb53f2);\r\n\t\t\t\t}\r\n\t\t\t});\r\n\t\t\t$('.ui-tabs').on('tabsactivate', function(event, ui) {\r\n\t\t\t   if($(this).find('.porto-map-wrapper').length > 0)\r\n\t\t\t\t{\r\n\t\t\t\t\tsetTimeout(function(){\r\n\t\t\t\t\t\t$(window).trigger('resize');\r\n\t\t\t\t\t},200);\r\n\t\t\t\t}\r\n\t\t\t});\r\n\t\t\t$('.ui-accordion').on('accordionactivate', function(event, ui) {\r\n\t\t\t\tif($(this).find('.porto-map-wrapper').length > 0) {\r\n\t\t\t\t\tsetTimeout(function(){\r\n\t\t\t\t\t\t$(window).trigger('resize');\r\n\t\t\t\t\t},200);\r\n\t\t\t\t}\r\n\t\t\t});\r\n\t\t\t$(document).on('onPortoModalPopupOpen', function(){\r\n\t\t\t\tif($(map_map_69c4ff7cb53f2).parents('.porto_modal-content')) {\r\n\t\t\t\t\tsetTimeout(function(){\r\n\t\t\t\t\t\t$(window).trigger('resize');\r\n\t\t\t\t\t},200);\r\n\t\t\t\t}\r\n\t\t\t});\r\n\t\t\tfunction toggleBounce() {\r\n\t\t\t\tif (marker_map_69c4ff7cb53f2.getAnimation() != null) {\r\n\t\t\t\t\tmarker_map_69c4ff7cb53f2.setAnimation(null);\r\n\t\t\t\t} else {\r\n\t\t\t\t\tmarker_map_69c4ff7cb53f2.setAnimation(google.maps.Animation.BOUNCE);\r\n\t\t\t\t}\r\n\t\t\t}\r\n\t\t} )( window.jQuery );\r\n\t};\r\n\r\n\tif ( window.jQuery ) {\r\n\t\tjQuery( document ).ready(function() {\r\n\t\t\tporto_init_map();\r\n\t\t} );\r\n\t} else {\r\n\t\tdocument.addEventListener( 'DOMContentLoaded', porto_init_map );\r\n\t}\r\n\r\n\twindow.addEventListener( 'load', function() {\r\n\t\tsetTimeout( function() {\r\n\t\t\tjQuery( window ).trigger( 'resize' );\r\n\t\t}, 200 );\r\n\t} );\r\n} )();\r\n<\/script><\/div><\/div><\/div>\n","protected":false},"excerpt":{"rendered":"Bize Mail Yaz\u0131n Ad\u0131n\u0131z (gerekli) Mail Adresiniz (gerekli) Telefon Numaran\u0131z (gerekli) Konu Mesaj\u0131n\u0131z Bize Ula\u015f\u0131n Protent olarak hizmet a\u011f\u0131m\u0131z t\u00fcm D\u00fcnya'y\u0131 kapsamaktad\u0131r. T\u00fcrkiye'nin 81 iline hizmet vermenin yan\u0131 s\u0131ra t\u00fcm \u00fclkelere yapt\u0131\u011f\u0131m\u0131z ihracat\u0131m\u0131zla sekt\u00f6rde sa\u011flam bir duru\u015f sergiemekteyiz.\u00a0 Bireysel yada kurumsal b\u00fct\u00fcn m\u00fc\u015fterilerimizin sorular\u0131n\u0131 dinlemek onlara yard\u0131mc\u0131 olmak bizim en \u00f6nemli \u00f6nceli\u011fimiz olmu\u015ftur. Ana OfisimizAdres: [...]","protected":false},"author":1,"featured_media":0,"parent":0,"menu_order":0,"comment_status":"closed","ping_status":"closed","template":"","meta":{"footnotes":""},"class_list":["post-75","page","type-page","status-publish","hentry"],"aioseo_notices":[],"_links":{"self":[{"href":"https:\/\/protent.com.tr\/wp-json\/wp\/v2\/pages\/75"}],"collection":[{"href":"https:\/\/protent.com.tr\/wp-json\/wp\/v2\/pages"}],"about":[{"href":"https:\/\/protent.com.tr\/wp-json\/wp\/v2\/types\/page"}],"author":[{"embeddable":true,"href":"https:\/\/protent.com.tr\/wp-json\/wp\/v2\/users\/1"}],"replies":[{"embeddable":true,"href":"https:\/\/protent.com.tr\/wp-json\/wp\/v2\/comments?post=75"}],"version-history":[{"count":27,"href":"https:\/\/protent.com.tr\/wp-json\/wp\/v2\/pages\/75\/revisions"}],"predecessor-version":[{"id":4713,"href":"https:\/\/protent.com.tr\/wp-json\/wp\/v2\/pages\/75\/revisions\/4713"}],"wp:attachment":[{"href":"https:\/\/protent.com.tr\/wp-json\/wp\/v2\/media?parent=75"}],"curies":[{"name":"wp","href":"https:\/\/api.w.org\/{rel}","templated":true}]}}