{"id":4942,"date":"2020-06-24T01:15:25","date_gmt":"2020-06-23T22:15:25","guid":{"rendered":"http:\/\/protent.com.tr\/?post_type=product&#038;p=4942"},"modified":"2021-08-22T01:06:01","modified_gmt":"2021-08-21T22:06:01","slug":"prodome-portatif-satis-ve-tanitim-cadiri","status":"publish","type":"product","link":"https:\/\/protent.com.tr\/urun\/prodome-portatif-satis-ve-tanitim-cadiri\/","title":{"rendered":"Prodome Portatif Sat\u0131\u015f ve Tan\u0131t\u0131m \u00c7ad\u0131r\u0131"},"content":{"rendered":"<div class=\"vc_row wpb_row row vc_custom_1590762932212 vc_row-o-equal-height vc_row-flex\"><div class=\"vc_column_container col-md-8 d-none d-md-block\"><div class=\"wpb_wrapper vc_column-inner\">\n\t<div class=\"wpb_text_column wpb_content_element \" >\n\t\t<div class=\"wpb_wrapper\">\n\t\t\t<ul>\n<li><span style=\"font-size: 15px;\">60 saniyede kolay kurulum ve katlanabilir sistem<\/span><\/li>\n<li><span style=\"font-size: 15px;\">\u00d6zel ta\u015f\u0131ma \u00e7antas\u0131<\/span><\/li>\n<li><span style=\"font-size: 15px;\">15x25x 1mm\u00a0 \u00f6zel \u00e7ekim profil yan ba\u011flant\u0131 makaslar\u0131<\/span><\/li>\n<li><span style=\"font-size: 15px;\">Su ge\u00e7irmeyen oxford kuma\u015f<\/span><\/li>\n<li><span style=\"font-size: 15px;\">\u00d6zel kal\u0131p sistemli 2mm kal\u0131nl\u0131\u011f\u0131nda \u00e7elik ba\u011flant\u0131 par\u00e7alar\u0131<\/span><\/li>\n<li><span style=\"font-size: 15px;\">4 kademe y\u00fckseklik ayar\u0131 ile yan y\u00fckseklik 210cm -240cm aras\u0131 ayarlayabilme \u00f6zelli\u011fi<\/span><\/li>\n<li><span style=\"font-size: 15px;\">\u00c7elik yere sabitleme plakas\u0131 ve yere sabitleme kaz\u0131klar\u0131<\/span><\/li>\n<li><span style=\"font-size: 15px;\">\u00dcr\u00fcn\u00fcn tamam\u0131 elektro galvaniz kaplamal\u0131<\/span><\/li>\n<li><span style=\"font-size: 15px;\">Opsiyonel olarak yanlar\u0131 kapat\u0131labilir<\/span><\/li>\n<li><span style=\"font-size: 15px;\">S\u00f6k\u00fcl\u00fcp tak\u0131labilir yan perdeli<\/span><\/li>\n<li><span style=\"font-size: 15px;\">Perdelere ve sa\u00e7aklara bas\u0131 yap\u0131lma imkan\u0131\u00a0<\/span><\/li>\n<\/ul>\n\n\t\t<\/div>\n\t<\/div>\n<\/div><\/div><div class=\"vc_column_container col-md-4 d-none d-md-block vc_custom_1592863694790\"><div class=\"wpb_wrapper vc_column-inner\">\n\t<div class=\"wpb_text_column wpb_content_element \" >\n\t\t<div class=\"wpb_wrapper\">\n\t\t\t<p>Protent&#8217;in en \u00f6nemli \u00f6zelli\u011fi <strong>Teknik Servis ve Yedek Par\u00e7a<\/strong> imkan\u0131<br \/>\nT\u00fcrkiye nin her yerine \u00fccretsiz kargo<br \/>\nBa\u011flant\u0131 ve mafsal par\u00e7alar\u0131 2 y\u0131l \u00fccretsiz de\u011fi\u015fim\u00a0 garantilidir<\/p>\n\n\t\t<\/div>\n\t<\/div>\n<div class=\"vc_btn3-container vc_btn3-inline\" >\n\t<a class=\"vc_general vc_btn3 vc_btn3-size-xl vc_btn3-shape-default vc_btn3-style-classic wpb_custom_4eba9bcc8f6c36e45e1d476fc3d9024c vc_btn3-color-info btn\" href=\"https:\/\/www.cadirburada.com\/satis-tanitim-cadiri-prodome-satis-tanitim-cadiri\" title=\"\">Sat\u0131n AL<\/a>\t<\/div>\n<\/div><\/div><\/div>\n","protected":false},"excerpt":{"rendered":"<div class=\"vc_btn3-container vc_btn3-inline\" >\n\t<a class=\"vc_general vc_btn3 vc_btn3-size-xl vc_btn3-shape-default vc_btn3-style-flat wpb_custom_4eba9bcc8f6c36e45e1d476fc3d9024c vc_btn3-icon-left vc_btn3-color-grey btn\" href=\"http:\/\/protent.com.tr\/satis-ve-tanitim-cadirlari\/\" title=\"\"><i class=\"vc_btn3-icon fas fa-angle-double-left\"><\/i> \u00d6NCEK\u0130 SAYFAYA GER\u0130 D\u00d6N<\/a>\t<\/div>\n\n","protected":false},"featured_media":4936,"template":"","meta":[],"product_cat":[158,159],"product_tag":[162],"class_list":{"0":"post-4942","1":"product","2":"type-product","3":"status-publish","4":"has-post-thumbnail","6":"product_cat-prodome","7":"product_cat-satis-ve-tanitim-cadiri","8":"product_tag-satis-ve-tanitim-cadiri","10":"first","11":"instock","12":"shipping-taxable","13":"purchasable","14":"product-type-variable"},"aioseo_notices":[],"_links":{"self":[{"href":"https:\/\/protent.com.tr\/wp-json\/wp\/v2\/product\/4942"}],"collection":[{"href":"https:\/\/protent.com.tr\/wp-json\/wp\/v2\/product"}],"about":[{"href":"https:\/\/protent.com.tr\/wp-json\/wp\/v2\/types\/product"}],"wp:featuredmedia":[{"embeddable":true,"href":"https:\/\/protent.com.tr\/wp-json\/wp\/v2\/media\/4936"}],"wp:attachment":[{"href":"https:\/\/protent.com.tr\/wp-json\/wp\/v2\/media?parent=4942"}],"wp:term":[{"taxonomy":"product_cat","embeddable":true,"href":"https:\/\/protent.com.tr\/wp-json\/wp\/v2\/product_cat?post=4942"},{"taxonomy":"product_tag","embeddable":true,"href":"https:\/\/protent.com.tr\/wp-json\/wp\/v2\/product_tag?post=4942"}],"curies":[{"name":"wp","href":"https:\/\/api.w.org\/{rel}","templated":true}]}}